{"id":3283,"date":"2018-03-12T13:53:46","date_gmt":"2018-03-12T12:53:46","guid":{"rendered":"https:\/\/www.itac-food.com\/orzech-na-raz\/"},"modified":"2018-03-12T13:53:46","modified_gmt":"2018-03-12T12:53:46","slug":"orzech-na-raz","status":"publish","type":"page","link":"https:\/\/www.itac-food.com\/pl\/produkty\/orzech-na-raz\/","title":{"rendered":"Orzech na raz"},"content":{"rendered":"<div class=\"wpb-content-wrapper\"><p>[vc_row][vc_column column_width_use_pixel=&#8221;yes&#8221; align_horizontal=&#8221;align_center&#8221; overlay_alpha=&#8221;50&#8243; gutter_size=&#8221;3&#8243; medium_width=&#8221;0&#8243; mobile_width=&#8221;0&#8243; shift_x=&#8221;0&#8243; shift_y=&#8221;0&#8243; shift_y_down=&#8221;0&#8243; z_index=&#8221;0&#8243; width=&#8221;1\/1&#8243; column_width_pixel=&#8221;960&#8243;][vc_custom_heading auto_text=&#8221;yes&#8221; heading_semantic=&#8221;h1&#8243; text_size=&#8221;h1&#8243; text_space=&#8221;fontspace-210350&#8243; text_font=&#8221;font-212077&#8243; text_weight=&#8221;600&#8243; text_transform=&#8221;uppercase&#8221; separator=&#8221;yes&#8221; sub_lead=&#8221;yes&#8221; subheading=&#8221;Na spotkanie, na przek\u0105sk\u0119 \u2013 dla Ciebie, dla Twoich bliskich. Idealne do plecaka, do torebki i do kieszeni! Trudno im si\u0119 oprze\u0107! Czasami wystarczy impuls, \u017ceby po nie si\u0119gn\u0105\u0107. Masz ochot\u0119 na orzechy? A mo\u017ce wolisz pestki? Tutaj znajdziesz szybkie i smaczne przek\u0105ski, kt\u00f3re dodadz\u0105 Ci energii do dzia\u0142ania!&#8221;]<\/p>\n<p class=\"western\" lang=\"pl-PL\"><b>Orzech na raz! <\/b><\/p>\n<p>[\/vc_custom_heading][\/vc_column][\/vc_row][vc_row row_height_percent=&#8221;0&#8243; overlay_alpha=&#8221;50&#8243; gutter_size=&#8221;3&#8243; column_width_percent=&#8221;90&#8243; shift_y=&#8221;0&#8243; z_index=&#8221;0&#8243;][vc_column column_width_percent=&#8221;100&#8243; align_horizontal=&#8221;align_center&#8221; overlay_alpha=&#8221;50&#8243; gutter_size=&#8221;3&#8243; medium_width=&#8221;0&#8243; mobile_width=&#8221;0&#8243; shift_x=&#8221;0&#8243; shift_y=&#8221;0&#8243; shift_y_down=&#8221;0&#8243; z_index=&#8221;0&#8243; width=&#8221;1\/3&#8243;][vc_single_image media=&#8221;1107&#8243; media_width_percent=&#8221;100&#8243; alignment=&#8221;center&#8221; media_link=&#8221;|||&#8221;][vc_custom_heading text_size=&#8221;h4&#8243; separator=&#8221;yes&#8221; sub_lead=&#8221;yes&#8221; subheading=&#8221;Mieszanka studencka to wyj\u0105tkowo apetyczne po\u0142\u0105czenie orzeszk\u00f3w ziemnych, orzech\u00f3w laskowych, nerkowc\u00f3w i rodzynek, bez kt\u00f3rej trudno si\u0119 obej\u015b\u0107 podczas&#8230; sesji lub spotkania ze znajomymi! W ko\u0144cu nie od dzisiaj wiadomo, \u017ce wsp\u00f3lne chrupanie zbli\u017ca!&#8221;]ITAC Mieszanka studencka 50g[\/vc_custom_heading][\/vc_column][vc_column column_width_percent=&#8221;100&#8243; align_horizontal=&#8221;align_center&#8221; overlay_alpha=&#8221;50&#8243; gutter_size=&#8221;3&#8243; medium_width=&#8221;0&#8243; mobile_width=&#8221;0&#8243; shift_x=&#8221;0&#8243; shift_y=&#8221;0&#8243; shift_y_down=&#8221;0&#8243; z_index=&#8221;0&#8243; width=&#8221;1\/3&#8243;][vc_single_image media=&#8221;1104&#8243; media_width_percent=&#8221;100&#8243; alignment=&#8221;center&#8221; media_link=&#8221;|||&#8221;][vc_custom_heading text_size=&#8221;h4&#8243; separator=&#8221;yes&#8221; sub_lead=&#8221;yes&#8221; subheading=&#8221;Orzeszki ziemne w karmelu to niecodzienna propozycja dla fan\u00f3w s\u0142odko\u015bci! Ma\u0142e opakowanie \u0142atwo mo\u017cna schowa\u0107 do plecaka i zabra\u0107 do pracy, albo na spotkanie! Ta przek\u0105ska to prawdziwy rarytas \u2013 s\u0142odki rarytas! &#8222;]ITAC Orzeszki ziemne w karmelu 50g[\/vc_custom_heading][\/vc_column][vc_column column_width_percent=&#8221;100&#8243; align_horizontal=&#8221;align_center&#8221; overlay_alpha=&#8221;50&#8243; gutter_size=&#8221;3&#8243; medium_width=&#8221;0&#8243; mobile_width=&#8221;0&#8243; shift_x=&#8221;0&#8243; shift_y=&#8221;0&#8243; shift_y_down=&#8221;0&#8243; z_index=&#8221;0&#8243; width=&#8221;1\/3&#8243;][vc_single_image media=&#8221;1110&#8243; media_width_percent=&#8221;100&#8243; alignment=&#8221;center&#8221; media_link=&#8221;|||&#8221;][vc_custom_heading text_size=&#8221;h4&#8243; separator=&#8221;yes&#8221; sub_lead=&#8221;yes&#8221; subheading=&#8221;Orzeszki ziemne dry roasted paprykowe to przyjemno\u015b\u0107, po kt\u00f3rej b\u0119dziesz mia\u0142 ochot\u0119 krzykn\u0105\u0107: Co za smak! Wiesz dlaczego?<br \/>\nOdrobina pikanterii i paprykowa nuta \u2013 to tajemnica, kt\u00f3ra sprawia, \u017ce nie dasz rady si\u0119 od nich oderwa\u0107! &#8222;]ITAC Orzeszki ziemne dry roasted paprykowe 50g[\/vc_custom_heading][\/vc_column][\/vc_row][vc_row row_height_percent=&#8221;0&#8243; overlay_alpha=&#8221;50&#8243; gutter_size=&#8221;3&#8243; column_width_percent=&#8221;90&#8243; shift_y=&#8221;0&#8243; z_index=&#8221;0&#8243;][vc_column column_width_percent=&#8221;100&#8243; align_horizontal=&#8221;align_center&#8221; overlay_alpha=&#8221;50&#8243; gutter_size=&#8221;3&#8243; medium_width=&#8221;0&#8243; mobile_width=&#8221;0&#8243; shift_x=&#8221;0&#8243; shift_y=&#8221;0&#8243; shift_y_down=&#8221;0&#8243; z_index=&#8221;0&#8243; width=&#8221;1\/3&#8243;][vc_single_image media=&#8221;1106&#8243; media_width_percent=&#8221;100&#8243; alignment=&#8221;center&#8221; media_link=&#8221;|||&#8221;][vc_custom_heading text_size=&#8221;h4&#8243; separator=&#8221;yes&#8221; sub_lead=&#8221;yes&#8221; subheading=&#8221;Orzeszki ziemne pra\u017cone bez soli i oleju to wyj\u0105tkowa przek\u0105ska dla mi\u0142o\u015bnik\u00f3w chrupania! S\u0105 przygotowane tak, aby\u015b m\u00f3g\u0142 w pe\u0142ni poczu\u0107 smak orzecha ziemnego \u2013 bez dodatku soli. To jest to, czego szukasz!&#8221;]ITAC Orzeszki ziemne pra\u017cone bez soli i oleju 50g[\/vc_custom_heading][\/vc_column][vc_column column_width_percent=&#8221;100&#8243; align_horizontal=&#8221;align_center&#8221; overlay_alpha=&#8221;50&#8243; gutter_size=&#8221;3&#8243; medium_width=&#8221;0&#8243; mobile_width=&#8221;0&#8243; shift_x=&#8221;0&#8243; shift_y=&#8221;0&#8243; shift_y_down=&#8221;0&#8243; z_index=&#8221;0&#8243; width=&#8221;1\/3&#8243;][vc_single_image media=&#8221;1105&#8243; media_width_percent=&#8221;100&#8243; alignment=&#8221;center&#8221; media_link=&#8221;|||&#8221;][vc_custom_heading text_size=&#8221;h4&#8243; separator=&#8221;yes&#8221; sub_lead=&#8221;yes&#8221; subheading=&#8221;Orzeszki ziemne sma\u017cone solone to co\u015b dla fan\u00f3w klasyki. Ma\u0142a paczka \u2013 z wielk\u0105 moc\u0105! S\u0142ona przek\u0105ska doda Ci si\u0142y do dzia\u0142ania \u2013 zabierz j\u0105 tam, gdzie potrzebujesz orzechowego do\u0142adowania! Ostrzegamy \u2013 ten smak wci\u0105ga!&#8221;]ITAC Orzeszki ziemne sma\u017cone solone 50g[\/vc_custom_heading][\/vc_column][vc_column column_width_percent=&#8221;100&#8243; align_horizontal=&#8221;align_center&#8221; overlay_alpha=&#8221;50&#8243; gutter_size=&#8221;3&#8243; medium_width=&#8221;0&#8243; mobile_width=&#8221;0&#8243; shift_x=&#8221;0&#8243; shift_y=&#8221;0&#8243; shift_y_down=&#8221;0&#8243; z_index=&#8221;0&#8243; width=&#8221;1\/3&#8243;][vc_single_image media=&#8221;1108&#8243; media_width_percent=&#8221;100&#8243; alignment=&#8221;center&#8221; media_link=&#8221;|||&#8221;][vc_custom_heading text_size=&#8221;h4&#8243; separator=&#8221;yes&#8221; sub_lead=&#8221;yes&#8221; subheading=&#8221;Kukurydza sma\u017cona super crunchy to przek\u0105ska popularna zw\u0142aszcza na Po\u0142udniu. Ten przysmak ma w sobie co\u015b uzale\u017cniaj\u0105cego \u2013 jest niesamowicie chrupi\u0105cy! Si\u0119gnij po niego, jak chcesz spr\u00f3bowa\u0107 czego\u015b nowego! &#8222;]ITAC Kukurydza sma\u017cona super crunchy 40g[\/vc_custom_heading][\/vc_column][\/vc_row][vc_row row_height_percent=&#8221;0&#8243; overlay_alpha=&#8221;50&#8243; gutter_size=&#8221;3&#8243; column_width_percent=&#8221;90&#8243; shift_y=&#8221;0&#8243; z_index=&#8221;0&#8243;][vc_column column_width_percent=&#8221;100&#8243; align_horizontal=&#8221;align_center&#8221; overlay_alpha=&#8221;50&#8243; gutter_size=&#8221;3&#8243; medium_width=&#8221;0&#8243; mobile_width=&#8221;0&#8243; shift_x=&#8221;0&#8243; shift_y=&#8221;0&#8243; shift_y_down=&#8221;0&#8243; z_index=&#8221;0&#8243; width=&#8221;1\/6&#8243;][\/vc_column][vc_column column_width_percent=&#8221;100&#8243; align_horizontal=&#8221;align_center&#8221; overlay_alpha=&#8221;50&#8243; gutter_size=&#8221;3&#8243; medium_width=&#8221;0&#8243; mobile_width=&#8221;0&#8243; shift_x=&#8221;0&#8243; shift_y=&#8221;0&#8243; shift_y_down=&#8221;0&#8243; z_index=&#8221;0&#8243; width=&#8221;1\/3&#8243;][vc_single_image media=&#8221;1109&#8243; media_width_percent=&#8221;100&#8243; alignment=&#8221;center&#8221; media_link=&#8221;|||&#8221;][vc_custom_heading text_size=&#8221;h4&#8243; separator=&#8221;yes&#8221; sub_lead=&#8221;yes&#8221; subheading=&#8221;\u0141uskane pestki dyni to co\u015b dla tych, kt\u00f3rzy lubi\u0105 drobne przek\u0105ski! Dlatego s\u0105 \u015bwietnym kompanem podczas ogl\u0105dania filmu lub spotkania ze znajomymi. Nawet nie zauwa\u017cycie, kiedy znikn\u0105! To dopiero smakowity k\u0105sek!&#8221;]ITAC Pestki dyni \u0142uskane 50g[\/vc_custom_heading][\/vc_column][vc_column column_width_percent=&#8221;100&#8243; align_horizontal=&#8221;align_center&#8221; overlay_alpha=&#8221;50&#8243; gutter_size=&#8221;3&#8243; medium_width=&#8221;0&#8243; mobile_width=&#8221;0&#8243; shift_x=&#8221;0&#8243; shift_y=&#8221;0&#8243; shift_y_down=&#8221;0&#8243; z_index=&#8221;0&#8243; width=&#8221;1\/3&#8243;][vc_single_image media=&#8221;1103&#8243; media_width_percent=&#8221;100&#8243; alignment=&#8221;center&#8221; media_link=&#8221;|||&#8221;][vc_custom_heading text_size=&#8221;h4&#8243; separator=&#8221;yes&#8221; sub_lead=&#8221;yes&#8221; subheading=&#8221;\u0141uskane pestki s\u0142onecznika to nie tylko apetyczna przek\u0105ska! Ma te\u017c wiele innych zalet. To bogate \u017ar\u00f3d\u0142o witaminy E, kt\u00f3ra odpowiada za\u2026 przed\u0142u\u017cenie m\u0142odo\u015bci!<br \/>\nA kto by nie chcia\u0142 by\u0107 wiecznie m\u0142ody? Si\u0119gnij po s\u0142onecznik, bo to apetyczna przek\u0105ska!&#8221;]ITAC S\u0142onecznik \u0142uskany 50g[\/vc_custom_heading][\/vc_column][vc_column width=&#8221;1\/6&#8243;][\/vc_column][\/vc_row][vc_row][vc_column width=&#8221;1\/1&#8243;][vc_empty_space empty_h=&#8221;3&#8243;][\/vc_column][\/vc_row][vc_row][vc_column width=&#8221;1\/1&#8243;][uncode_block id=&#8221;580&#8243;][\/vc_column][\/vc_row]<\/p>\n<\/div>","protected":false},"excerpt":{"rendered":"<p>[vc_row][vc_column column_width_use_pixel=&#8221;yes&#8221; align_horizontal=&#8221;align_center&#8221; overlay_alpha=&#8221;50&#8243; gutter_size=&#8221;3&#8243; medium_width=&#8221;0&#8243; mobile_width=&#8221;0&#8243; shift_x=&#8221;0&#8243; shift_y=&#8221;0&#8243; shift_y_down=&#8221;0&#8243; z_index=&#8221;0&#8243; width=&#8221;1\/1&#8243; column_width_pixel=&#8221;960&#8243;][vc_custom_heading auto_text=&#8221;yes&#8221; heading_semantic=&#8221;h1&#8243; text_size=&#8221;h1&#8243; text_space=&#8221;fontspace-210350&#8243; text_font=&#8221;font-212077&#8243; text_weight=&#8221;600&#8243; text_transform=&#8221;uppercase&#8221; [&hellip;]<\/p>\n","protected":false},"author":7,"featured_media":3780,"parent":3257,"menu_order":15,"comment_status":"closed","ping_status":"closed","template":"","meta":{"footnotes":""},"class_list":["post-3283","page","type-page","status-publish","has-post-thumbnail","hentry"],"yoast_head":"<!-- This site is optimized with the Yoast SEO plugin v27.5 - https:\/\/yoast.com\/product\/yoast-seo-wordpress\/ -->\n<title>Orzech na raz - ITAC FOOD<\/title>\n<meta name=\"robots\" content=\"index, follow, max-snippet:-1, max-image-preview:large, max-video-preview:-1\" \/>\n<link rel=\"canonical\" href=\"https:\/\/www.itac-food.com\/pl\/produkty\/orzech-na-raz\/\" \/>\n<meta property=\"og:locale\" content=\"pl_PL\" \/>\n<meta property=\"og:type\" content=\"article\" \/>\n<meta property=\"og:title\" content=\"Orzech na raz - ITAC FOOD\" \/>\n<meta property=\"og:description\" content=\"[vc_row][vc_column column_width_use_pixel=&#8221;yes&#8221; align_horizontal=&#8221;align_center&#8221; overlay_alpha=&#8221;50&#8243; gutter_size=&#8221;3&#8243; medium_width=&#8221;0&#8243; mobile_width=&#8221;0&#8243; shift_x=&#8221;0&#8243; shift_y=&#8221;0&#8243; shift_y_down=&#8221;0&#8243; z_index=&#8221;0&#8243; width=&#8221;1\/1&#8243; column_width_pixel=&#8221;960&#8243;][vc_custom_heading auto_text=&#8221;yes&#8221; heading_semantic=&#8221;h1&#8243; text_size=&#8221;h1&#8243; text_space=&#8221;fontspace-210350&#8243; text_font=&#8221;font-212077&#8243; text_weight=&#8221;600&#8243; text_transform=&#8221;uppercase&#8221; [&hellip;]\" \/>\n<meta property=\"og:url\" content=\"https:\/\/www.itac-food.com\/pl\/produkty\/orzech-na-raz\/\" \/>\n<meta property=\"og:site_name\" content=\"ITAC FOOD\" \/>\n<meta property=\"article:publisher\" content=\"https:\/\/www.facebook.com\/ItacFood\/\" \/>\n<meta property=\"og:image\" content=\"https:\/\/www.itac-food.com\/wp-content\/uploads\/2018\/03\/Orzech-na-raz.jpg\" \/>\n\t<meta property=\"og:image:width\" content=\"960\" \/>\n\t<meta property=\"og:image:height\" content=\"600\" \/>\n\t<meta property=\"og:image:type\" content=\"image\/jpeg\" \/>\n<meta name=\"twitter:card\" content=\"summary_large_image\" \/>\n<meta name=\"twitter:site\" content=\"@ItacFood\" \/>\n<meta name=\"twitter:label1\" content=\"Szacowany czas czytania\" \/>\n\t<meta name=\"twitter:data1\" content=\"5 minut\" \/>\n<script type=\"application\/ld+json\" class=\"yoast-schema-graph\">{\"@context\":\"https:\\\/\\\/schema.org\",\"@graph\":[{\"@type\":\"WebPage\",\"@id\":\"https:\\\/\\\/www.itac-food.com\\\/pl\\\/produkty\\\/orzech-na-raz\\\/\",\"url\":\"https:\\\/\\\/www.itac-food.com\\\/pl\\\/produkty\\\/orzech-na-raz\\\/\",\"name\":\"Orzech na raz - ITAC FOOD\",\"isPartOf\":{\"@id\":\"https:\\\/\\\/www.itac-food.com\\\/#website\"},\"primaryImageOfPage\":{\"@id\":\"https:\\\/\\\/www.itac-food.com\\\/pl\\\/produkty\\\/orzech-na-raz\\\/#primaryimage\"},\"image\":{\"@id\":\"https:\\\/\\\/www.itac-food.com\\\/pl\\\/produkty\\\/orzech-na-raz\\\/#primaryimage\"},\"thumbnailUrl\":\"https:\\\/\\\/www.itac-food.com\\\/wp-content\\\/uploads\\\/2018\\\/03\\\/Orzech-na-raz.jpg\",\"datePublished\":\"2018-03-12T12:53:46+00:00\",\"breadcrumb\":{\"@id\":\"https:\\\/\\\/www.itac-food.com\\\/pl\\\/produkty\\\/orzech-na-raz\\\/#breadcrumb\"},\"inLanguage\":\"pl-PL\",\"potentialAction\":[{\"@type\":\"ReadAction\",\"target\":[\"https:\\\/\\\/www.itac-food.com\\\/pl\\\/produkty\\\/orzech-na-raz\\\/\"]}]},{\"@type\":\"ImageObject\",\"inLanguage\":\"pl-PL\",\"@id\":\"https:\\\/\\\/www.itac-food.com\\\/pl\\\/produkty\\\/orzech-na-raz\\\/#primaryimage\",\"url\":\"https:\\\/\\\/www.itac-food.com\\\/wp-content\\\/uploads\\\/2018\\\/03\\\/Orzech-na-raz.jpg\",\"contentUrl\":\"https:\\\/\\\/www.itac-food.com\\\/wp-content\\\/uploads\\\/2018\\\/03\\\/Orzech-na-raz.jpg\",\"width\":960,\"height\":600,\"caption\":\"Orzech na raz\"},{\"@type\":\"BreadcrumbList\",\"@id\":\"https:\\\/\\\/www.itac-food.com\\\/pl\\\/produkty\\\/orzech-na-raz\\\/#breadcrumb\",\"itemListElement\":[{\"@type\":\"ListItem\",\"position\":1,\"name\":\"Home\",\"item\":\"https:\\\/\\\/www.itac-food.com\\\/pl\\\/\"},{\"@type\":\"ListItem\",\"position\":2,\"name\":\"PRODUKTY\",\"item\":\"https:\\\/\\\/www.itac-food.com\\\/pl\\\/produkty\\\/\"},{\"@type\":\"ListItem\",\"position\":3,\"name\":\"Orzech na raz\"}]},{\"@type\":\"WebSite\",\"@id\":\"https:\\\/\\\/www.itac-food.com\\\/#website\",\"url\":\"https:\\\/\\\/www.itac-food.com\\\/\",\"name\":\"ITAC FOOD\",\"description\":\"ITAC FOOD\",\"publisher\":{\"@id\":\"https:\\\/\\\/www.itac-food.com\\\/#organization\"},\"potentialAction\":[{\"@type\":\"SearchAction\",\"target\":{\"@type\":\"EntryPoint\",\"urlTemplate\":\"https:\\\/\\\/www.itac-food.com\\\/?s={search_term_string}\"},\"query-input\":{\"@type\":\"PropertyValueSpecification\",\"valueRequired\":true,\"valueName\":\"search_term_string\"}}],\"inLanguage\":\"pl-PL\"},{\"@type\":\"Organization\",\"@id\":\"https:\\\/\\\/www.itac-food.com\\\/#organization\",\"name\":\"ITAC-Food\",\"url\":\"https:\\\/\\\/www.itac-food.com\\\/\",\"logo\":{\"@type\":\"ImageObject\",\"inLanguage\":\"pl-PL\",\"@id\":\"https:\\\/\\\/www.itac-food.com\\\/#\\\/schema\\\/logo\\\/image\\\/\",\"url\":\"https:\\\/\\\/www.itac-food.com\\\/wp-content\\\/uploads\\\/2018\\\/03\\\/01_SINCERELY_NUTS_BIG_OK.png\",\"contentUrl\":\"https:\\\/\\\/www.itac-food.com\\\/wp-content\\\/uploads\\\/2018\\\/03\\\/01_SINCERELY_NUTS_BIG_OK.png\",\"width\":1920,\"height\":720,\"caption\":\"ITAC-Food\"},\"image\":{\"@id\":\"https:\\\/\\\/www.itac-food.com\\\/#\\\/schema\\\/logo\\\/image\\\/\"},\"sameAs\":[\"https:\\\/\\\/www.facebook.com\\\/ItacFood\\\/\",\"https:\\\/\\\/x.com\\\/ItacFood\",\"https:\\\/\\\/www.instagram.com\\\/ITACfood\\\/\"]}]}<\/script>\n<!-- \/ Yoast SEO plugin. -->","yoast_head_json":{"title":"Orzech na raz - ITAC FOOD","robots":{"index":"index","follow":"follow","max-snippet":"max-snippet:-1","max-image-preview":"max-image-preview:large","max-video-preview":"max-video-preview:-1"},"canonical":"https:\/\/www.itac-food.com\/pl\/produkty\/orzech-na-raz\/","og_locale":"pl_PL","og_type":"article","og_title":"Orzech na raz - ITAC FOOD","og_description":"[vc_row][vc_column column_width_use_pixel=&#8221;yes&#8221; align_horizontal=&#8221;align_center&#8221; overlay_alpha=&#8221;50&#8243; gutter_size=&#8221;3&#8243; medium_width=&#8221;0&#8243; mobile_width=&#8221;0&#8243; shift_x=&#8221;0&#8243; shift_y=&#8221;0&#8243; shift_y_down=&#8221;0&#8243; z_index=&#8221;0&#8243; width=&#8221;1\/1&#8243; column_width_pixel=&#8221;960&#8243;][vc_custom_heading auto_text=&#8221;yes&#8221; heading_semantic=&#8221;h1&#8243; text_size=&#8221;h1&#8243; text_space=&#8221;fontspace-210350&#8243; text_font=&#8221;font-212077&#8243; text_weight=&#8221;600&#8243; text_transform=&#8221;uppercase&#8221; [&hellip;]","og_url":"https:\/\/www.itac-food.com\/pl\/produkty\/orzech-na-raz\/","og_site_name":"ITAC FOOD","article_publisher":"https:\/\/www.facebook.com\/ItacFood\/","og_image":[{"width":960,"height":600,"url":"https:\/\/www.itac-food.com\/wp-content\/uploads\/2018\/03\/Orzech-na-raz.jpg","type":"image\/jpeg"}],"twitter_card":"summary_large_image","twitter_site":"@ItacFood","twitter_misc":{"Szacowany czas czytania":"5 minut"},"schema":{"@context":"https:\/\/schema.org","@graph":[{"@type":"WebPage","@id":"https:\/\/www.itac-food.com\/pl\/produkty\/orzech-na-raz\/","url":"https:\/\/www.itac-food.com\/pl\/produkty\/orzech-na-raz\/","name":"Orzech na raz - ITAC FOOD","isPartOf":{"@id":"https:\/\/www.itac-food.com\/#website"},"primaryImageOfPage":{"@id":"https:\/\/www.itac-food.com\/pl\/produkty\/orzech-na-raz\/#primaryimage"},"image":{"@id":"https:\/\/www.itac-food.com\/pl\/produkty\/orzech-na-raz\/#primaryimage"},"thumbnailUrl":"https:\/\/www.itac-food.com\/wp-content\/uploads\/2018\/03\/Orzech-na-raz.jpg","datePublished":"2018-03-12T12:53:46+00:00","breadcrumb":{"@id":"https:\/\/www.itac-food.com\/pl\/produkty\/orzech-na-raz\/#breadcrumb"},"inLanguage":"pl-PL","potentialAction":[{"@type":"ReadAction","target":["https:\/\/www.itac-food.com\/pl\/produkty\/orzech-na-raz\/"]}]},{"@type":"ImageObject","inLanguage":"pl-PL","@id":"https:\/\/www.itac-food.com\/pl\/produkty\/orzech-na-raz\/#primaryimage","url":"https:\/\/www.itac-food.com\/wp-content\/uploads\/2018\/03\/Orzech-na-raz.jpg","contentUrl":"https:\/\/www.itac-food.com\/wp-content\/uploads\/2018\/03\/Orzech-na-raz.jpg","width":960,"height":600,"caption":"Orzech na raz"},{"@type":"BreadcrumbList","@id":"https:\/\/www.itac-food.com\/pl\/produkty\/orzech-na-raz\/#breadcrumb","itemListElement":[{"@type":"ListItem","position":1,"name":"Home","item":"https:\/\/www.itac-food.com\/pl\/"},{"@type":"ListItem","position":2,"name":"PRODUKTY","item":"https:\/\/www.itac-food.com\/pl\/produkty\/"},{"@type":"ListItem","position":3,"name":"Orzech na raz"}]},{"@type":"WebSite","@id":"https:\/\/www.itac-food.com\/#website","url":"https:\/\/www.itac-food.com\/","name":"ITAC FOOD","description":"ITAC FOOD","publisher":{"@id":"https:\/\/www.itac-food.com\/#organization"},"potentialAction":[{"@type":"SearchAction","target":{"@type":"EntryPoint","urlTemplate":"https:\/\/www.itac-food.com\/?s={search_term_string}"},"query-input":{"@type":"PropertyValueSpecification","valueRequired":true,"valueName":"search_term_string"}}],"inLanguage":"pl-PL"},{"@type":"Organization","@id":"https:\/\/www.itac-food.com\/#organization","name":"ITAC-Food","url":"https:\/\/www.itac-food.com\/","logo":{"@type":"ImageObject","inLanguage":"pl-PL","@id":"https:\/\/www.itac-food.com\/#\/schema\/logo\/image\/","url":"https:\/\/www.itac-food.com\/wp-content\/uploads\/2018\/03\/01_SINCERELY_NUTS_BIG_OK.png","contentUrl":"https:\/\/www.itac-food.com\/wp-content\/uploads\/2018\/03\/01_SINCERELY_NUTS_BIG_OK.png","width":1920,"height":720,"caption":"ITAC-Food"},"image":{"@id":"https:\/\/www.itac-food.com\/#\/schema\/logo\/image\/"},"sameAs":["https:\/\/www.facebook.com\/ItacFood\/","https:\/\/x.com\/ItacFood","https:\/\/www.instagram.com\/ITACfood\/"]}]}},"_links":{"self":[{"href":"https:\/\/www.itac-food.com\/pl\/wp-json\/wp\/v2\/pages\/3283","targetHints":{"allow":["GET"]}}],"collection":[{"href":"https:\/\/www.itac-food.com\/pl\/wp-json\/wp\/v2\/pages"}],"about":[{"href":"https:\/\/www.itac-food.com\/pl\/wp-json\/wp\/v2\/types\/page"}],"author":[{"embeddable":true,"href":"https:\/\/www.itac-food.com\/pl\/wp-json\/wp\/v2\/users\/7"}],"replies":[{"embeddable":true,"href":"https:\/\/www.itac-food.com\/pl\/wp-json\/wp\/v2\/comments?post=3283"}],"version-history":[{"count":0,"href":"https:\/\/www.itac-food.com\/pl\/wp-json\/wp\/v2\/pages\/3283\/revisions"}],"up":[{"embeddable":true,"href":"https:\/\/www.itac-food.com\/pl\/wp-json\/wp\/v2\/pages\/3257"}],"wp:featuredmedia":[{"embeddable":true,"href":"https:\/\/www.itac-food.com\/pl\/wp-json\/wp\/v2\/media\/3780"}],"wp:attachment":[{"href":"https:\/\/www.itac-food.com\/pl\/wp-json\/wp\/v2\/media?parent=3283"}],"curies":[{"name":"wp","href":"https:\/\/api.w.org\/{rel}","templated":true}]}}