{"id":3287,"date":"2018-03-12T22:40:10","date_gmt":"2018-03-12T21:40:10","guid":{"rendered":"https:\/\/www.itac-food.com\/niezly-orzech-do-przekaszenia\/"},"modified":"2018-03-12T22:40:10","modified_gmt":"2018-03-12T21:40:10","slug":"niezly-orzech-do-przekaszenia","status":"publish","type":"page","link":"https:\/\/www.itac-food.com\/pl\/produkty\/niezly-orzech-do-przekaszenia\/","title":{"rendered":"Niez\u0142y orzech do przek\u0105szenia"},"content":{"rendered":"<div class=\"wpb-content-wrapper\"><p>[vc_row][vc_column column_width_use_pixel=&#8221;yes&#8221; align_horizontal=&#8221;align_center&#8221; overlay_alpha=&#8221;50&#8243; gutter_size=&#8221;3&#8243; medium_width=&#8221;0&#8243; mobile_width=&#8221;0&#8243; shift_x=&#8221;0&#8243; shift_y=&#8221;0&#8243; shift_y_down=&#8221;0&#8243; z_index=&#8221;0&#8243; width=&#8221;1\/1&#8243; column_width_pixel=&#8221;960&#8243;][vc_custom_heading auto_text=&#8221;yes&#8221; heading_semantic=&#8221;h1&#8243; text_size=&#8221;h1&#8243; text_space=&#8221;fontspace-210350&#8243; text_font=&#8221;font-212077&#8243; text_weight=&#8221;600&#8243; text_transform=&#8221;uppercase&#8221; separator=&#8221;yes&#8221; sub_lead=&#8221;yes&#8221; subheading=&#8221;Przegryzane, podjadane, zajadane, pa\u0142aszowane \u2013 dzi\u015b przek\u0105ski jemy na milion sposob\u00f3w! W\u015br\u00f3d naszych bakalii znajdziesz mn\u00f3stwo produkt\u00f3w przygotowanych z my\u015bl\u0105 o Tobie. Nasza przek\u0105ska to idealny towarzysz imprez ze znajomymi i codziennych spotka\u0144 z rodzin\u0105 \u2013 du\u017ce opakowanie sprawia, \u017ce przyjemno\u015bci starczy na d\u0142uuu\u017cej!&#8221;]Niez\u0142y orzech do przek\u0105szenia![\/vc_custom_heading][\/vc_column][\/vc_row][vc_row row_height_percent=&#8221;0&#8243; overlay_alpha=&#8221;50&#8243; gutter_size=&#8221;3&#8243; column_width_percent=&#8221;90&#8243; shift_y=&#8221;0&#8243; z_index=&#8221;0&#8243;][vc_column column_width_percent=&#8221;100&#8243; align_horizontal=&#8221;align_center&#8221; overlay_alpha=&#8221;50&#8243; gutter_size=&#8221;3&#8243; medium_width=&#8221;0&#8243; mobile_width=&#8221;0&#8243; shift_x=&#8221;0&#8243; shift_y=&#8221;0&#8243; shift_y_down=&#8221;0&#8243; z_index=&#8221;0&#8243; width=&#8221;1\/3&#8243;][vc_single_image media=&#8221;1035&#8243; media_width_percent=&#8221;100&#8243; alignment=&#8221;center&#8221; media_link=&#8221;|||&#8221;][vc_custom_heading text_size=&#8221;h4&#8243; separator=&#8221;yes&#8221; sub_lead=&#8221;yes&#8221; subheading=&#8221;Orzeszki ziemne pra\u017cone bez soli i oleju \u2013 a\u017c chce si\u0119 krzykn\u0105\u0107: Orzech w formie! Wiele cennych sk\u0142adnik\u00f3w od\u017cywczych, wyj\u0105tkowy smak i niepowtarzalny spos\u00f3b przyrz\u0105dzenia. To nasza tajemnica, kt\u00f3ra sprawia, \u017ce si\u0119gniesz po wi\u0119cej!&#8221;]ITAC Orzeszki ziemne pra\u017cone bez soli i oleju 300g[\/vc_custom_heading][\/vc_column][vc_column column_width_percent=&#8221;100&#8243; align_horizontal=&#8221;align_center&#8221; overlay_alpha=&#8221;50&#8243; gutter_size=&#8221;3&#8243; medium_width=&#8221;0&#8243; mobile_width=&#8221;0&#8243; shift_x=&#8221;0&#8243; shift_y=&#8221;0&#8243; shift_y_down=&#8221;0&#8243; z_index=&#8221;0&#8243; width=&#8221;1\/3&#8243;][vc_single_image media=&#8221;1038&#8243; media_width_percent=&#8221;100&#8243; alignment=&#8221;center&#8221; media_link=&#8221;|||&#8221;][vc_custom_heading text_size=&#8221;h4&#8243; separator=&#8221;yes&#8221; sub_lead=&#8221;yes&#8221; subheading=&#8221;Orzeszki ziemne sma\u017cone solone to \u015bwietna przek\u0105ska, kt\u00f3ra b\u0119dzie Ci towarzyszy\u0107 w ci\u0105gu dnia. Wiecz\u00f3r ze znajomymi? Film w mi\u0142ym towarzystwie? Orzeszki ziemne, w tym wydaniu, to \u015bwietny dodatek do ka\u017cdego spotkania!&#8221;]ITAC Orzeszki ziemne sma\u017cone solone 100g\/150g\/500g\/650g[\/vc_custom_heading][\/vc_column][vc_column column_width_percent=&#8221;100&#8243; align_horizontal=&#8221;align_center&#8221; overlay_alpha=&#8221;50&#8243; gutter_size=&#8221;3&#8243; medium_width=&#8221;0&#8243; mobile_width=&#8221;0&#8243; shift_x=&#8221;0&#8243; shift_y=&#8221;0&#8243; shift_y_down=&#8221;0&#8243; z_index=&#8221;0&#8243; width=&#8221;1\/3&#8243;][vc_single_image media=&#8221;1042&#8243; media_width_percent=&#8221;100&#8243; alignment=&#8221;center&#8221; media_link=&#8221;|||&#8221;][vc_custom_heading text_size=&#8221;h4&#8243; separator=&#8221;yes&#8221; sub_lead=&#8221;yes&#8221; subheading=&#8221;Pistacje pra\u017cone solone to jeden z wielu powod\u00f3w, dla kt\u00f3rych warto chrupa\u0107 orzechy! Niekt\u00f3rzy nazywaj\u0105 je&#8230; orzechami szcz\u0119\u015bcia. W ko\u0144cu to sama przyjemno\u015b\u0107! Spraw rado\u015b\u0107 swoim bliskim i podaj je podczas Waszego spotkania! &#8222;]ITAC Pistacje pra\u017cone solone 80g\/200 g[\/vc_custom_heading][\/vc_column][\/vc_row][vc_row][vc_column width=&#8221;1\/1&#8243;][vc_empty_space empty_h=&#8221;3&#8243;][\/vc_column][\/vc_row][vc_row][vc_column width=&#8221;1\/1&#8243;][uncode_block id=&#8221;580&#8221;][\/vc_column][\/vc_row]<\/p>\n<\/div>","protected":false},"excerpt":{"rendered":"<p>[vc_row][vc_column column_width_use_pixel=&#8221;yes&#8221; align_horizontal=&#8221;align_center&#8221; overlay_alpha=&#8221;50&#8243; gutter_size=&#8221;3&#8243; medium_width=&#8221;0&#8243; mobile_width=&#8221;0&#8243; shift_x=&#8221;0&#8243; shift_y=&#8221;0&#8243; shift_y_down=&#8221;0&#8243; z_index=&#8221;0&#8243; width=&#8221;1\/1&#8243; column_width_pixel=&#8221;960&#8243;][vc_custom_heading auto_text=&#8221;yes&#8221; heading_semantic=&#8221;h1&#8243; text_size=&#8221;h1&#8243; text_space=&#8221;fontspace-210350&#8243; text_font=&#8221;font-212077&#8243; text_weight=&#8221;600&#8243; text_transform=&#8221;uppercase&#8221; [&hellip;]<\/p>\n","protected":false},"author":7,"featured_media":4226,"parent":3257,"menu_order":20,"comment_status":"closed","ping_status":"closed","template":"","meta":{"footnotes":""},"class_list":["post-3287","page","type-page","status-publish","has-post-thumbnail","hentry"],"yoast_head":"<!-- This site is optimized with the Yoast SEO plugin v27.3 - https:\/\/yoast.com\/product\/yoast-seo-wordpress\/ -->\n<title>Niez\u0142y orzech do przek\u0105szenia - ITAC FOOD<\/title>\n<meta name=\"robots\" content=\"index, follow, max-snippet:-1, max-image-preview:large, max-video-preview:-1\" \/>\n<link rel=\"canonical\" href=\"https:\/\/www.itac-food.com\/pl\/produkty\/niezly-orzech-do-przekaszenia\/\" \/>\n<meta property=\"og:locale\" content=\"pl_PL\" \/>\n<meta property=\"og:type\" content=\"article\" \/>\n<meta property=\"og:title\" content=\"Niez\u0142y orzech do przek\u0105szenia - ITAC FOOD\" \/>\n<meta property=\"og:description\" content=\"[vc_row][vc_column column_width_use_pixel=&#8221;yes&#8221; align_horizontal=&#8221;align_center&#8221; overlay_alpha=&#8221;50&#8243; gutter_size=&#8221;3&#8243; medium_width=&#8221;0&#8243; mobile_width=&#8221;0&#8243; shift_x=&#8221;0&#8243; shift_y=&#8221;0&#8243; shift_y_down=&#8221;0&#8243; z_index=&#8221;0&#8243; width=&#8221;1\/1&#8243; column_width_pixel=&#8221;960&#8243;][vc_custom_heading auto_text=&#8221;yes&#8221; heading_semantic=&#8221;h1&#8243; text_size=&#8221;h1&#8243; text_space=&#8221;fontspace-210350&#8243; text_font=&#8221;font-212077&#8243; text_weight=&#8221;600&#8243; text_transform=&#8221;uppercase&#8221; [&hellip;]\" \/>\n<meta property=\"og:url\" content=\"https:\/\/www.itac-food.com\/pl\/produkty\/niezly-orzech-do-przekaszenia\/\" \/>\n<meta property=\"og:site_name\" content=\"ITAC FOOD\" \/>\n<meta property=\"article:publisher\" content=\"https:\/\/www.facebook.com\/ItacFood\/\" \/>\n<meta property=\"og:image\" content=\"https:\/\/www.itac-food.com\/wp-content\/uploads\/2018\/08\/Importaco_blog_1200x800-Actualizaci\u00f3n-0708_P4.jpg\" \/>\n\t<meta property=\"og:image:width\" content=\"1200\" \/>\n\t<meta property=\"og:image:height\" content=\"800\" \/>\n\t<meta property=\"og:image:type\" content=\"image\/jpeg\" \/>\n<meta name=\"twitter:card\" content=\"summary_large_image\" \/>\n<meta name=\"twitter:site\" content=\"@ItacFood\" \/>\n<meta name=\"twitter:label1\" content=\"Szacowany czas czytania\" \/>\n\t<meta name=\"twitter:data1\" content=\"2 minuty\" \/>\n<script type=\"application\/ld+json\" class=\"yoast-schema-graph\">{\"@context\":\"https:\\\/\\\/schema.org\",\"@graph\":[{\"@type\":\"WebPage\",\"@id\":\"https:\\\/\\\/www.itac-food.com\\\/pl\\\/produkty\\\/niezly-orzech-do-przekaszenia\\\/\",\"url\":\"https:\\\/\\\/www.itac-food.com\\\/pl\\\/produkty\\\/niezly-orzech-do-przekaszenia\\\/\",\"name\":\"Niez\u0142y orzech do przek\u0105szenia - ITAC FOOD\",\"isPartOf\":{\"@id\":\"https:\\\/\\\/www.itac-food.com\\\/#website\"},\"primaryImageOfPage\":{\"@id\":\"https:\\\/\\\/www.itac-food.com\\\/pl\\\/produkty\\\/niezly-orzech-do-przekaszenia\\\/#primaryimage\"},\"image\":{\"@id\":\"https:\\\/\\\/www.itac-food.com\\\/pl\\\/produkty\\\/niezly-orzech-do-przekaszenia\\\/#primaryimage\"},\"thumbnailUrl\":\"https:\\\/\\\/www.itac-food.com\\\/wp-content\\\/uploads\\\/2018\\\/08\\\/Importaco_blog_1200x800-Actualizaci\u00f3n-0708_P4.jpg\",\"datePublished\":\"2018-03-12T21:40:10+00:00\",\"breadcrumb\":{\"@id\":\"https:\\\/\\\/www.itac-food.com\\\/pl\\\/produkty\\\/niezly-orzech-do-przekaszenia\\\/#breadcrumb\"},\"inLanguage\":\"pl-PL\",\"potentialAction\":[{\"@type\":\"ReadAction\",\"target\":[\"https:\\\/\\\/www.itac-food.com\\\/pl\\\/produkty\\\/niezly-orzech-do-przekaszenia\\\/\"]}]},{\"@type\":\"ImageObject\",\"inLanguage\":\"pl-PL\",\"@id\":\"https:\\\/\\\/www.itac-food.com\\\/pl\\\/produkty\\\/niezly-orzech-do-przekaszenia\\\/#primaryimage\",\"url\":\"https:\\\/\\\/www.itac-food.com\\\/wp-content\\\/uploads\\\/2018\\\/08\\\/Importaco_blog_1200x800-Actualizaci\u00f3n-0708_P4.jpg\",\"contentUrl\":\"https:\\\/\\\/www.itac-food.com\\\/wp-content\\\/uploads\\\/2018\\\/08\\\/Importaco_blog_1200x800-Actualizaci\u00f3n-0708_P4.jpg\",\"width\":1200,\"height\":800},{\"@type\":\"BreadcrumbList\",\"@id\":\"https:\\\/\\\/www.itac-food.com\\\/pl\\\/produkty\\\/niezly-orzech-do-przekaszenia\\\/#breadcrumb\",\"itemListElement\":[{\"@type\":\"ListItem\",\"position\":1,\"name\":\"Home\",\"item\":\"https:\\\/\\\/www.itac-food.com\\\/pl\\\/\"},{\"@type\":\"ListItem\",\"position\":2,\"name\":\"PRODUKTY\",\"item\":\"https:\\\/\\\/www.itac-food.com\\\/pl\\\/produkty\\\/\"},{\"@type\":\"ListItem\",\"position\":3,\"name\":\"Niez\u0142y orzech do przek\u0105szenia\"}]},{\"@type\":\"WebSite\",\"@id\":\"https:\\\/\\\/www.itac-food.com\\\/#website\",\"url\":\"https:\\\/\\\/www.itac-food.com\\\/\",\"name\":\"ITAC FOOD\",\"description\":\"ITAC FOOD\",\"publisher\":{\"@id\":\"https:\\\/\\\/www.itac-food.com\\\/#organization\"},\"potentialAction\":[{\"@type\":\"SearchAction\",\"target\":{\"@type\":\"EntryPoint\",\"urlTemplate\":\"https:\\\/\\\/www.itac-food.com\\\/?s={search_term_string}\"},\"query-input\":{\"@type\":\"PropertyValueSpecification\",\"valueRequired\":true,\"valueName\":\"search_term_string\"}}],\"inLanguage\":\"pl-PL\"},{\"@type\":\"Organization\",\"@id\":\"https:\\\/\\\/www.itac-food.com\\\/#organization\",\"name\":\"ITAC-Food\",\"url\":\"https:\\\/\\\/www.itac-food.com\\\/\",\"logo\":{\"@type\":\"ImageObject\",\"inLanguage\":\"pl-PL\",\"@id\":\"https:\\\/\\\/www.itac-food.com\\\/#\\\/schema\\\/logo\\\/image\\\/\",\"url\":\"https:\\\/\\\/www.itac-food.com\\\/wp-content\\\/uploads\\\/2018\\\/03\\\/01_SINCERELY_NUTS_BIG_OK.png\",\"contentUrl\":\"https:\\\/\\\/www.itac-food.com\\\/wp-content\\\/uploads\\\/2018\\\/03\\\/01_SINCERELY_NUTS_BIG_OK.png\",\"width\":1920,\"height\":720,\"caption\":\"ITAC-Food\"},\"image\":{\"@id\":\"https:\\\/\\\/www.itac-food.com\\\/#\\\/schema\\\/logo\\\/image\\\/\"},\"sameAs\":[\"https:\\\/\\\/www.facebook.com\\\/ItacFood\\\/\",\"https:\\\/\\\/x.com\\\/ItacFood\",\"https:\\\/\\\/www.instagram.com\\\/ITACfood\\\/\"]}]}<\/script>\n<!-- \/ Yoast SEO plugin. -->","yoast_head_json":{"title":"Niez\u0142y orzech do przek\u0105szenia - ITAC FOOD","robots":{"index":"index","follow":"follow","max-snippet":"max-snippet:-1","max-image-preview":"max-image-preview:large","max-video-preview":"max-video-preview:-1"},"canonical":"https:\/\/www.itac-food.com\/pl\/produkty\/niezly-orzech-do-przekaszenia\/","og_locale":"pl_PL","og_type":"article","og_title":"Niez\u0142y orzech do przek\u0105szenia - ITAC FOOD","og_description":"[vc_row][vc_column column_width_use_pixel=&#8221;yes&#8221; align_horizontal=&#8221;align_center&#8221; overlay_alpha=&#8221;50&#8243; gutter_size=&#8221;3&#8243; medium_width=&#8221;0&#8243; mobile_width=&#8221;0&#8243; shift_x=&#8221;0&#8243; shift_y=&#8221;0&#8243; shift_y_down=&#8221;0&#8243; z_index=&#8221;0&#8243; width=&#8221;1\/1&#8243; column_width_pixel=&#8221;960&#8243;][vc_custom_heading auto_text=&#8221;yes&#8221; heading_semantic=&#8221;h1&#8243; text_size=&#8221;h1&#8243; text_space=&#8221;fontspace-210350&#8243; text_font=&#8221;font-212077&#8243; text_weight=&#8221;600&#8243; text_transform=&#8221;uppercase&#8221; [&hellip;]","og_url":"https:\/\/www.itac-food.com\/pl\/produkty\/niezly-orzech-do-przekaszenia\/","og_site_name":"ITAC FOOD","article_publisher":"https:\/\/www.facebook.com\/ItacFood\/","og_image":[{"width":1200,"height":800,"url":"https:\/\/www.itac-food.com\/wp-content\/uploads\/2018\/08\/Importaco_blog_1200x800-Actualizaci\u00f3n-0708_P4.jpg","type":"image\/jpeg"}],"twitter_card":"summary_large_image","twitter_site":"@ItacFood","twitter_misc":{"Szacowany czas czytania":"2 minuty"},"schema":{"@context":"https:\/\/schema.org","@graph":[{"@type":"WebPage","@id":"https:\/\/www.itac-food.com\/pl\/produkty\/niezly-orzech-do-przekaszenia\/","url":"https:\/\/www.itac-food.com\/pl\/produkty\/niezly-orzech-do-przekaszenia\/","name":"Niez\u0142y orzech do przek\u0105szenia - ITAC FOOD","isPartOf":{"@id":"https:\/\/www.itac-food.com\/#website"},"primaryImageOfPage":{"@id":"https:\/\/www.itac-food.com\/pl\/produkty\/niezly-orzech-do-przekaszenia\/#primaryimage"},"image":{"@id":"https:\/\/www.itac-food.com\/pl\/produkty\/niezly-orzech-do-przekaszenia\/#primaryimage"},"thumbnailUrl":"https:\/\/www.itac-food.com\/wp-content\/uploads\/2018\/08\/Importaco_blog_1200x800-Actualizaci\u00f3n-0708_P4.jpg","datePublished":"2018-03-12T21:40:10+00:00","breadcrumb":{"@id":"https:\/\/www.itac-food.com\/pl\/produkty\/niezly-orzech-do-przekaszenia\/#breadcrumb"},"inLanguage":"pl-PL","potentialAction":[{"@type":"ReadAction","target":["https:\/\/www.itac-food.com\/pl\/produkty\/niezly-orzech-do-przekaszenia\/"]}]},{"@type":"ImageObject","inLanguage":"pl-PL","@id":"https:\/\/www.itac-food.com\/pl\/produkty\/niezly-orzech-do-przekaszenia\/#primaryimage","url":"https:\/\/www.itac-food.com\/wp-content\/uploads\/2018\/08\/Importaco_blog_1200x800-Actualizaci\u00f3n-0708_P4.jpg","contentUrl":"https:\/\/www.itac-food.com\/wp-content\/uploads\/2018\/08\/Importaco_blog_1200x800-Actualizaci\u00f3n-0708_P4.jpg","width":1200,"height":800},{"@type":"BreadcrumbList","@id":"https:\/\/www.itac-food.com\/pl\/produkty\/niezly-orzech-do-przekaszenia\/#breadcrumb","itemListElement":[{"@type":"ListItem","position":1,"name":"Home","item":"https:\/\/www.itac-food.com\/pl\/"},{"@type":"ListItem","position":2,"name":"PRODUKTY","item":"https:\/\/www.itac-food.com\/pl\/produkty\/"},{"@type":"ListItem","position":3,"name":"Niez\u0142y orzech do przek\u0105szenia"}]},{"@type":"WebSite","@id":"https:\/\/www.itac-food.com\/#website","url":"https:\/\/www.itac-food.com\/","name":"ITAC FOOD","description":"ITAC FOOD","publisher":{"@id":"https:\/\/www.itac-food.com\/#organization"},"potentialAction":[{"@type":"SearchAction","target":{"@type":"EntryPoint","urlTemplate":"https:\/\/www.itac-food.com\/?s={search_term_string}"},"query-input":{"@type":"PropertyValueSpecification","valueRequired":true,"valueName":"search_term_string"}}],"inLanguage":"pl-PL"},{"@type":"Organization","@id":"https:\/\/www.itac-food.com\/#organization","name":"ITAC-Food","url":"https:\/\/www.itac-food.com\/","logo":{"@type":"ImageObject","inLanguage":"pl-PL","@id":"https:\/\/www.itac-food.com\/#\/schema\/logo\/image\/","url":"https:\/\/www.itac-food.com\/wp-content\/uploads\/2018\/03\/01_SINCERELY_NUTS_BIG_OK.png","contentUrl":"https:\/\/www.itac-food.com\/wp-content\/uploads\/2018\/03\/01_SINCERELY_NUTS_BIG_OK.png","width":1920,"height":720,"caption":"ITAC-Food"},"image":{"@id":"https:\/\/www.itac-food.com\/#\/schema\/logo\/image\/"},"sameAs":["https:\/\/www.facebook.com\/ItacFood\/","https:\/\/x.com\/ItacFood","https:\/\/www.instagram.com\/ITACfood\/"]}]}},"_links":{"self":[{"href":"https:\/\/www.itac-food.com\/pl\/wp-json\/wp\/v2\/pages\/3287","targetHints":{"allow":["GET"]}}],"collection":[{"href":"https:\/\/www.itac-food.com\/pl\/wp-json\/wp\/v2\/pages"}],"about":[{"href":"https:\/\/www.itac-food.com\/pl\/wp-json\/wp\/v2\/types\/page"}],"author":[{"embeddable":true,"href":"https:\/\/www.itac-food.com\/pl\/wp-json\/wp\/v2\/users\/7"}],"replies":[{"embeddable":true,"href":"https:\/\/www.itac-food.com\/pl\/wp-json\/wp\/v2\/comments?post=3287"}],"version-history":[{"count":0,"href":"https:\/\/www.itac-food.com\/pl\/wp-json\/wp\/v2\/pages\/3287\/revisions"}],"up":[{"embeddable":true,"href":"https:\/\/www.itac-food.com\/pl\/wp-json\/wp\/v2\/pages\/3257"}],"wp:featuredmedia":[{"embeddable":true,"href":"https:\/\/www.itac-food.com\/pl\/wp-json\/wp\/v2\/media\/4226"}],"wp:attachment":[{"href":"https:\/\/www.itac-food.com\/pl\/wp-json\/wp\/v2\/media?parent=3287"}],"curies":[{"name":"wp","href":"https:\/\/api.w.org\/{rel}","templated":true}]}}