{"id":3407,"date":"2018-03-21T18:55:58","date_gmt":"2018-03-21T17:55:58","guid":{"rendered":"https:\/\/www.itac-food.com\/komunikat-prawny\/"},"modified":"2018-03-21T18:55:58","modified_gmt":"2018-03-21T17:55:58","slug":"komunikat-prawny","status":"publish","type":"page","link":"https:\/\/www.itac-food.com\/pl\/komunikat-prawny\/","title":{"rendered":"KOMUNIKAT PRAWNY"},"content":{"rendered":"<div class=\"wpb-content-wrapper\"><p>[vc_row][vc_column column_width_use_pixel=&#8221;yes&#8221; align_horizontal=&#8221;align_center&#8221; overlay_alpha=&#8221;50&#8243; gutter_size=&#8221;3&#8243; medium_width=&#8221;0&#8243; mobile_width=&#8221;0&#8243; shift_x=&#8221;0&#8243; shift_y=&#8221;0&#8243; shift_y_down=&#8221;0&#8243; z_index=&#8221;0&#8243; width=&#8221;1\/1&#8243; column_width_pixel=&#8221;860&#8243;][vc_custom_heading heading_semantic=&#8221;h1&#8243; text_size=&#8221;h1&#8243; text_space=&#8221;fontspace-210350&#8243; separator=&#8221;yes&#8221;]KOMUNIKAT PRAWNY[\/vc_custom_heading][\/vc_column][\/vc_row][vc_row][vc_column column_width_use_pixel=&#8221;yes&#8221; overlay_alpha=&#8221;50&#8243; gutter_size=&#8221;3&#8243; medium_width=&#8221;0&#8243; mobile_width=&#8221;0&#8243; shift_x=&#8221;0&#8243; shift_y=&#8221;0&#8243; shift_y_down=&#8221;0&#8243; z_index=&#8221;0&#8243; width=&#8221;1\/1&#8243; column_width_pixel=&#8221;860&#8243;][vc_column_text]<\/p>\n<h2>Cel<\/h2>\n<p>Ta strona zosta\u0142a zaprojektowana w celu upowszechnienia produkt\u00f3w oferowanych przez IMPORTACO S.A. o hiszpa\u0144skim numerze podatkowym A-46.063.889, z siedzib\u0105 w Barranco, S \/ N Pol\u00edgono Norte, Beniparrell, Walencja 46469, Hiszpania. W Portalu mog\u0105 znajdowa\u0107 si\u0119 obszary, w kt\u00f3rych dost\u0119p do tre\u015bci jest nieograniczony lub ograniczony. W przypadku tre\u015bci zastrze\u017conych dost\u0119p do nich mo\u017cna uzyska\u0107 po wprowadzeniu NAZWY U\u017bYTKOWNIKA i HAS\u0141A, kt\u00f3re s\u0105 przypisane u\u017cytkownikowi zgodnie z punktem B.4 niniejszych og\u00f3lnych warunk\u00f3w.<br \/>\nIMPORTACO S.A. zastrzega sobie prawo do ograniczenia, przerwania lub zawieszenia dost\u0119pu do PORTALU i korzystania z jego ZAWARTO\u015aCI, bez wzgl\u0119du na to, czy jest on ograniczony, czy nieograniczony, w dowolnym czasie. Podobnie IMPORTACO S.A. zastrzega sobie prawo do modyfikacji lokalizacji ZAWARTO\u015aCI na stronie internetowej oraz konfiguracji dost\u0119pu do niej, w dowolnym momencie.<\/p>\n<h2>W\u0142asno\u015b\u0107 intelektualna<\/h2>\n<p>IMPORTACO S.A. jest wy\u0142\u0105cznym licencjobiorc\u0105 praw w\u0142asno\u015bci intelektualnej strony https:\/\/www.itac-food.com\/. Wszelkie prawa w\u0142asno\u015bci intelektualnej do tej witryny i poszczeg\u00f3lnych stron internetowych, kt\u00f3re do niej nale\u017c\u0105, a tak\u017ce do element\u00f3w zawartych w niniejszym dokumencie oraz ich stron internetowych (w tym mi\u0119dzy innymi projektu graficznego, kodu \u017ar\u00f3d\u0142owego, logo, tre\u015bci, obraz\u00f3w, tekstu, grafiki, ilustracji, zdj\u0119\u0107, baz danych i innych element\u00f3w pojawiaj\u0105cych si\u0119 na stronie internetowej), o ile nie wskazano inaczej, s\u0105 w ca\u0142o\u015bci w\u0142asno\u015bci\u0105 Portalu lub stron trzecich i nie mog\u0105 by\u0107 kopiowane, odsprzedawane, wykorzystywane, kopiowane w ca\u0142o\u015bci lub cz\u0119\u015bciowo bez zezwolenia od firmy Cuesti\u00f3n Publicidad SL, w przeciwnym razie zostan\u0105 podj\u0119te odpowiednie dzia\u0142ania prawne. W tym sensie w\u0142a\u015bciciel tej strony wyra\u017anie zastrzega sobie wszystkie prawa.<br \/>\nPodobnie, wszystkie nazwy marek, domeny, znaki handlowe lub znaki wyr\u00f3\u017cniaj\u0105ce dowolnego rodzaju znajduj\u0105ce si\u0119 na Witrynie i jej stronach internetowych s\u0105 chronione przez prawo.<br \/>\nW\u0142a\u015bciciel strony nie udziela u\u017cytkownikowi \u017cadnego rodzaju licencji ani upowa\u017cnienia do publicznego i\/lub komercyjnego wykorzystywania element\u00f3w obj\u0119tych jego prawami w\u0142asno\u015bci intelektualnej lub jakimikolwiek innymi prawami zwi\u0105zanymi z t\u0105 witryn\u0105, jej stronami internetowymi i us\u0142ugami tam oferowanymi. U\u017cytkownik mo\u017ce uzyska\u0107 dost\u0119p do tych element\u00f3w i us\u0142ug tylko i wy\u0142\u0105cznie do u\u017cytku osobistego i prywatnego, w zwi\u0105zku z czym jest surowo zabronione wykorzystywanie jakiejkolwiek cz\u0119\u015bci tej witryny i jej stron internetowych do cel\u00f3w publicznych lub komercyjnych, dystrybucji, komunikacji publicznej, w tym udost\u0119pniania lub modyfikacji czy dekompilacji bez wyra\u017anej pisemnej zgody w\u0142a\u015bciciela Witryny.<br \/>\nZ tego powodu u\u017cytkownik przyjmuje do wiadomo\u015bci, \u017ce kopiowanie, dystrybucja, marketing, przetwarzanie i, og\u00f3lnie rzecz bior\u0105c, wszelkie inne formy wykorzystania, w ramach dowolnej procedury, jakiejkolwiek cz\u0119\u015bci zawarto\u015bci tej witryny i jej stron internetowych stanowi\u0105 naruszenie praw w\u0142asno\u015bci intelektualnej. w\u0142a\u015bcicieli.<\/p>\n<h2>Zawarto\u015b\u0107<\/h2>\n<p>Ta strona internetowa zawiera informacje o produktach, przeznaczone do publicznej wiadomo\u015bci i podlegaj\u0105ce warunkom i zasadom okre\u015blonym w ka\u017cdym czasie, dost\u0119pnym na tej stronie, kt\u00f3ra podlega obowi\u0105zuj\u0105cym przepisom prawa.<\/p>\n<h2>Dost\u0119p i korzystanie<\/h2>\n<p>U\u017cytkownik ponosi ca\u0142kowit\u0105 odpowiedzialno\u015b\u0107 za dost\u0119p i wykorzystanie informacji zawartych na tej stronie internetowej. U\u017cytkownik zobowi\u0105zuje si\u0119 do korzystania ze strony internetowej, tre\u015bci i us\u0142ug zgodnie z prawem, niniejszym komunikatem prawnym, zasadami dobrej wiary, dobrymi obyczajami i porz\u0105dkiem publicznym Podobnie, u\u017cytkownik zobowi\u0105zuje si\u0119 nie korzysta\u0107 ze strony internetowej, ani z us\u0142ug w niej przewidzianych, do cel\u00f3w przeciwnych do opisanych w niniejszym komunikacie prawnym lub nielegalnych, aby szkodzi\u0107 interesom lub prawom os\u00f3b trzecich lub post\u0119powa\u0107 w jakikolwiek inny spos\u00f3b, kt\u00f3ry m\u00f3g\u0142by spowodowa\u0107 szkody, uczyni\u0107 bezu\u017cyteczn\u0105 lub pogorszy\u0107 stron\u0119 internetow\u0105 lub jej us\u0142ugi b\u0105d\u017a utrudnia\u0107 normalne korzystanie z witryny przez innych u\u017cytkownik\u00f3w. Og\u00f3lnie rzecz bior\u0105c, wszelkie dzia\u0142ania szkodliwe dla www.importaco.es s\u0105 zabronione.<br \/>\nPodobnie, u\u017cytkownik wyra\u017anie zobowi\u0105zuje si\u0119 nie niszczy\u0107, nie zmienia\u0107, nie usuwa\u0107 czy w inny spos\u00f3b nie niszczy\u0107 danych, program\u00f3w lub dokument\u00f3w elektronicznych i innych przedmiot\u00f3w znajduj\u0105cych si\u0119 na tej stronie.<br \/>\nU\u017cytkownik zobowi\u0105zuje si\u0119 nie utrudnia\u0107 dost\u0119pu do us\u0142ug innym u\u017cytkownikom poprzez masowe zu\u017cycie zasob\u00f3w komputera, za po\u015brednictwem kt\u00f3rych w\u0142a\u015bciciel witryny \u015bwiadczy us\u0142ugi, lub anga\u017cowa\u0107 si\u0119 w dzia\u0142ania powoduj\u0105ce uszkodzenia, przerywy lub generuj\u0105ce b\u0142\u0119dy we wspomnianych systemach.<br \/>\nU\u017cytkownik zobowi\u0105zuje si\u0119 nie wprowadza\u0107 program\u00f3w, wirus\u00f3w, makr, aplet\u00f3w, formant\u00f3w ActiveX ani \u017cadnych logicznych urz\u0105dze\u0144 lub ci\u0105g\u00f3w znak\u00f3w, kt\u00f3re mog\u0105 spowodowa\u0107 jak\u0105kolwiek zmian\u0119 w systemach komputerowych w\u0142a\u015bciciela strony lub obs\u0142ugiwanych stron.<\/p>\n<h2>Odpowiedzialno\u015b\u0107<\/h2>\n<p>https:\/\/www.itac-food.com\/ nie ponosi \u017cadnej odpowiedzialno\u015bci za jakiekolwiek szkody, kt\u00f3re mog\u0105 by\u0107 wyrz\u0105dzone u\u017cytkownikom tej strony internetowej lub innym osobom, spowodowane ich bezprawnym lub nieuprawnionym u\u017cyciem, lub za tre\u015bci i informacje dost\u0119pne lub w nich zawarte.<\/p>\n<h2>Odpowiedzialno\u015b\u0107 za korzystanie ze strony internetowej<\/h2>\n<p>U\u017cytkownik jest jedyn\u0105 stron\u0105 odpowiedzialn\u0105 za naruszenia, kt\u00f3re mog\u0105 zosta\u0107 pope\u0142nione lub szkody, kt\u00f3re mog\u0105 zosta\u0107 spowodowane przez korzystanie ze strony internetowej, a w\u0142a\u015bciciel strony internetowej, jej akcjonariusze, sp\u00f3\u0142ki grupy, wsp\u00f3\u0142pracownicy, pracownicy i przedstawiciele s\u0105 zwolnieni od wszelkiej odpowiedzialno\u015bci wynikaj\u0105cej z naruszenia spowodowanego dzia\u0142aniami u\u017cytkownika.<br \/>\nW\u0142a\u015bciciel strony internetowej podejmuje wszelkie uzasadnione starania i \u015brodki w celu zapewnienia aktualno\u015bci certyfikowanych informacji na stronie internetowej. Jednak w\u0142a\u015bciciel strony internetowej nie daje \u017cadnych gwarancji na brak b\u0142\u0119d\u00f3w, mo\u017cliwych niedok\u0142adno\u015bci i\/lub pomini\u0119\u0107 w tre\u015bciach dost\u0119pnych za po\u015brednictwem tej strony internetowej.<br \/>\nU\u017cytkownik jest jedyn\u0105 stron\u0105 odpowiedzialn\u0105 w przypadku jakichkolwiek roszcze\u0144 lub dzia\u0142a\u0144 prawnych, na drodze s\u0105dowej lub pozas\u0105dowej, wniesionych przez osoby trzecie przeciwko w\u0142a\u015bcicielowi strony internetowej w zwi\u0105zku z jej u\u017cytkowaniem przez u\u017cytkownika. W takim przypadku u\u017cytkownik ponosi odpowiedzialno\u015b\u0107 za wszelkie wydatki, koszty i rekompensaty wymagane od w\u0142a\u015bciciela strony internetowej na podstawie takich roszcze\u0144 lub dzia\u0142a\u0144 prawnych.<\/p>\n<h2>Odpowiedzialno\u015b\u0107 za dzia\u0142anie strony internetowej<\/h2>\n<p>W\u0142a\u015bciciel strony internetowej nie ponosi odpowiedzialno\u015bci za jakiekolwiek zak\u0142\u00f3cenia, zaniechania, przerwy, wirusy komputerowe, usterki telefoniczne lub roz\u0142\u0105czenia w dzia\u0142aniu elektronicznego systemu operacyjnego, spowodowane przyczynami niezale\u017cnymi od w\u0142a\u015bciciela witryny.<br \/>\nPodobnie, w\u0142a\u015bciciel strony internetowej nie ponosi \u017cadnej odpowiedzialno\u015bci wynikaj\u0105cej z op\u00f3\u017anie\u0144 lub blokad w funkcjonalnym dzia\u0142aniu tego systemu elektronicznego, spowodowanych wadami lub przeci\u0105\u017ceniem linii telefonicznych lub Internetu, lub odpowiedzialno\u015bci za szkody wyrz\u0105dzone przez strony trzecie w wyniku nielegalnego kontrolowania strony roboczej w\u0142a\u015bciciela.<br \/>\nW\u0142a\u015bciciel strony internetowej jest tymczasowo uprawniony do zawieszenia, bez wcze\u015bniejszego powiadomienia, dost\u0119pu do strony internetowej w celu przeprowadzenia konserwacji, napraw, aktualizacji lub ulepsze\u0144.<\/p>\n<h2>Odpowiedzialno\u015b\u0107 za linki<\/h2>\n<p>Linki znajduj\u0105ce si\u0119 na stronie internetowej oraz na nale\u017c\u0105cych do niej stronach internetowych mog\u0105 przekierowywa\u0107 u\u017cytkownika do innych stron internetowych zarz\u0105dzanych przez strony trzecie.<br \/>\nW\u0142a\u015bciciel strony nie ponosi odpowiedzialno\u015bci za informacje znajduj\u0105ce si\u0119 poza jego witryn\u0105 i nale\u017c\u0105cymi do niej stronami internetowymi, zwa\u017cywszy, \u017ce funkcja link\u00f3w s\u0142u\u017cy wy\u0142\u0105cznie informowaniu u\u017cytkownika o istnieniu innych \u017ar\u00f3de\u0142 informacji dotycz\u0105cych okre\u015blonego tematu.<br \/>\nW\u0142a\u015bciciel strony internetowej nie ponosi \u017cadnej odpowiedzialno\u015bci za prawid\u0142owe funkcjonowanie wspomnianych link\u00f3w, za wyniki uzyskane za po\u015brednictwem tych link\u00f3w, prawdziwo\u015b\u0107 i legalno\u015b\u0107 tre\u015bci lub informacji, do kt\u00f3rych mo\u017cna uzyska\u0107 dost\u0119p, lub za szkody wyrz\u0105dzone u\u017cytkownikowi wynik\u0142e ze znalezionych informacji na przekierowanej stronie.<\/p>\n<h2>Us\u0142ugi<\/h2>\n<p>https:\/\/www.itac-food.com\/ mo\u017ce zawiesi\u0107 dost\u0119p do swojej strony internetowej bez wcze\u015bniejszego powiadomienia, wed\u0142ug w\u0142asnego uznania i tymczasowo, z przyczyn technicznych i jakiegokolwiek innego rodzaju powod\u00f3w, i mo\u017ce jednostronnie zmieni\u0107 warunki dost\u0119pu i dowoln\u0105 cz\u0119\u015b\u0107 tre\u015bci w niniejszym dokumencie.<\/p>\n<h2>Ochrona danych<\/h2>\n<p>Zgodnie z ustaw\u0105 15\/1999 z 13 grudnia o ochronie danych osobowych (hiszp. LOPD), dane dostarczone przez u\u017cytkownika zostan\u0105 zawarte w pliku komputerowym, kt\u00f3ry b\u0119dzie u\u017cywany wy\u0142\u0105cznie do opisanego celu, zgodnie z legend\u0105 do\u0142\u0105czon\u0105 do ka\u017cdego formularza. Dane s\u0105 gromadzone za po\u015brednictwem odpowiednich formularzy, kt\u00f3re zawieraj\u0105 wy\u0142\u0105cznie pola wymagane do dostarczenia us\u0142ugi wymaganej przez u\u017cytkownika. Dane osobowe b\u0119d\u0105 przetwarzane przy zapewnieniu odpowiedniego poziomu ochrony, zgodnie z hiszpa\u0144skim dekretem kr\u00f3lewskim 994\/1999 z dnia 11 czerwca, przy zastosowaniu koniecznych \u015brodk\u00f3w ostro\u017cno\u015bci w celu unikni\u0119cia zmian, utraty, wykorzystania lub nieuprawnionego dost\u0119pu stron trzecich, kt\u00f3re mog\u0105 mie\u0107 inne cele ni\u017c te, na kt\u00f3re zezwala u\u017cytkownik. Zgodnie z obowi\u0105zuj\u0105cym prawem o ochronie danych, http:\/\/importaco.es zobowi\u0105zuje si\u0119 do przestrzegania obowi\u0105zku zachowania tajemnicy w odniesieniu do danych osobowych oraz obowi\u0105zku przechowywania ich, a tak\u017ce podejmie niezb\u0119dne \u015brodki w celu zapobiegania ich modyfikowaniu, utracie, obs\u0142udze i\/lub nieuprawnionemu u\u017cyciu, bior\u0105c pod uwag\u0119 stan technologii.<br \/>\nWreszcie, u\u017cytkownik mo\u017ce skorzysta\u0107 ze swoich praw do sprzeciwu, dost\u0119pu, poprawiania i anulowania danych osobowych zgodnie z ustaw\u0105 o ochronie danych (hiszp. LOPD), lub do jakichkolwiek osobistych roszcze\u0144 lub komentarzy, za kt\u00f3re w \u017cadnych okoliczno\u015bciach nie zostanie wniesiona \u017cadna op\u0142ata.<br \/>\nPodobnie, zgodnie z rozporz\u0105dzeniem 34\/2002 ustawy o us\u0142ugach spo\u0142ecze\u0144stwa informacyjnego i handlu elektronicznym (hiszp. LSSICE), https:\/\/www.itac-food.com\/ nie wysy\u0142a \u017cadnych wiadomo\u015bci marketingowych za po\u015brednictwem poczty e-mail, kt\u00f3re nie zosta\u0142y autoryzowane przez u\u017cytkownik\u00f3w. W przypadku gdy https:\/\/www.itac-food.com\/ ma wyra\u017an\u0105 zgod\u0119 adresata na otrzymywanie wiadomo\u015bci marketingowych drog\u0105 elektroniczn\u0105, s\u0142owo \u201ereklama\u201d pojawi si\u0119 na pocz\u0105tku wiadomo\u015bci.<\/p>\n<h2>Kwestie og\u00f3lne<\/h2>\n<p>Wszelkie spory dotycz\u0105ce strony internetowej https:\/\/www.itac-food.com\/ podlegaj\u0105 prawu hiszpa\u0144skiemu, a wszelkie spory zwi\u0105zane z korzystaniem z niniejszej strony internetowej rozstrzygaj\u0105 s\u0105dy w\u0142a\u015bciwe miejscu zamieszkania u\u017cytkownika. Wchodz\u0105c na stron\u0119 https:\/\/www.itac-food.com\/, akceptujesz wszystkie wymienione wy\u017cej warunki.[\/vc_column_text][vc_empty_space empty_h=&#8221;2&#8243;][\/vc_column][\/vc_row]<\/p>\n<\/div>","protected":false},"excerpt":{"rendered":"<p>[vc_row][vc_column column_width_use_pixel=&#8221;yes&#8221; align_horizontal=&#8221;align_center&#8221; overlay_alpha=&#8221;50&#8243; gutter_size=&#8221;3&#8243; medium_width=&#8221;0&#8243; mobile_width=&#8221;0&#8243; shift_x=&#8221;0&#8243; shift_y=&#8221;0&#8243; shift_y_down=&#8221;0&#8243; z_index=&#8221;0&#8243; width=&#8221;1\/1&#8243; column_width_pixel=&#8221;860&#8243;][vc_custom_heading heading_semantic=&#8221;h1&#8243; text_size=&#8221;h1&#8243; text_space=&#8221;fontspace-210350&#8243; separator=&#8221;yes&#8221;]KOMUNIKAT PRAWNY[\/vc_custom_heading][\/vc_column][\/vc_row][vc_row][vc_column column_width_use_pixel=&#8221;yes&#8221; overlay_alpha=&#8221;50&#8243; [&hellip;]<\/p>\n","protected":false},"author":7,"featured_media":0,"parent":0,"menu_order":510,"comment_status":"closed","ping_status":"closed","template":"","meta":{"footnotes":""},"class_list":["post-3407","page","type-page","status-publish","hentry"],"yoast_head":"<!-- This site is optimized with the Yoast SEO plugin v27.3 - https:\/\/yoast.com\/product\/yoast-seo-wordpress\/ -->\n<title>KOMUNIKAT PRAWNY - ITAC FOOD<\/title>\n<meta name=\"robots\" content=\"index, follow, max-snippet:-1, max-image-preview:large, max-video-preview:-1\" \/>\n<link rel=\"canonical\" href=\"https:\/\/www.itac-food.com\/pl\/komunikat-prawny\/\" \/>\n<meta property=\"og:locale\" content=\"pl_PL\" \/>\n<meta property=\"og:type\" content=\"article\" \/>\n<meta property=\"og:title\" content=\"KOMUNIKAT PRAWNY - ITAC FOOD\" \/>\n<meta property=\"og:description\" content=\"[vc_row][vc_column column_width_use_pixel=&#8221;yes&#8221; align_horizontal=&#8221;align_center&#8221; overlay_alpha=&#8221;50&#8243; gutter_size=&#8221;3&#8243; medium_width=&#8221;0&#8243; mobile_width=&#8221;0&#8243; shift_x=&#8221;0&#8243; shift_y=&#8221;0&#8243; shift_y_down=&#8221;0&#8243; z_index=&#8221;0&#8243; width=&#8221;1\/1&#8243; column_width_pixel=&#8221;860&#8243;][vc_custom_heading heading_semantic=&#8221;h1&#8243; text_size=&#8221;h1&#8243; text_space=&#8221;fontspace-210350&#8243; separator=&#8221;yes&#8221;]KOMUNIKAT PRAWNY[\/vc_custom_heading][\/vc_column][\/vc_row][vc_row][vc_column column_width_use_pixel=&#8221;yes&#8221; overlay_alpha=&#8221;50&#8243; [&hellip;]\" \/>\n<meta property=\"og:url\" content=\"https:\/\/www.itac-food.com\/pl\/komunikat-prawny\/\" \/>\n<meta property=\"og:site_name\" content=\"ITAC FOOD\" \/>\n<meta property=\"article:publisher\" content=\"https:\/\/www.facebook.com\/ItacFood\/\" \/>\n<meta name=\"twitter:card\" content=\"summary_large_image\" \/>\n<meta name=\"twitter:site\" content=\"@ItacFood\" \/>\n<meta name=\"twitter:label1\" content=\"Szacowany czas czytania\" \/>\n\t<meta name=\"twitter:data1\" content=\"9 minut\" \/>\n<script type=\"application\/ld+json\" class=\"yoast-schema-graph\">{\"@context\":\"https:\\\/\\\/schema.org\",\"@graph\":[{\"@type\":\"WebPage\",\"@id\":\"https:\\\/\\\/www.itac-food.com\\\/pl\\\/komunikat-prawny\\\/\",\"url\":\"https:\\\/\\\/www.itac-food.com\\\/pl\\\/komunikat-prawny\\\/\",\"name\":\"KOMUNIKAT PRAWNY - ITAC FOOD\",\"isPartOf\":{\"@id\":\"https:\\\/\\\/www.itac-food.com\\\/#website\"},\"datePublished\":\"2018-03-21T17:55:58+00:00\",\"breadcrumb\":{\"@id\":\"https:\\\/\\\/www.itac-food.com\\\/pl\\\/komunikat-prawny\\\/#breadcrumb\"},\"inLanguage\":\"pl-PL\",\"potentialAction\":[{\"@type\":\"ReadAction\",\"target\":[\"https:\\\/\\\/www.itac-food.com\\\/pl\\\/komunikat-prawny\\\/\"]}]},{\"@type\":\"BreadcrumbList\",\"@id\":\"https:\\\/\\\/www.itac-food.com\\\/pl\\\/komunikat-prawny\\\/#breadcrumb\",\"itemListElement\":[{\"@type\":\"ListItem\",\"position\":1,\"name\":\"Home\",\"item\":\"https:\\\/\\\/www.itac-food.com\\\/pl\\\/\"},{\"@type\":\"ListItem\",\"position\":2,\"name\":\"KOMUNIKAT PRAWNY\"}]},{\"@type\":\"WebSite\",\"@id\":\"https:\\\/\\\/www.itac-food.com\\\/#website\",\"url\":\"https:\\\/\\\/www.itac-food.com\\\/\",\"name\":\"ITAC FOOD\",\"description\":\"ITAC FOOD\",\"publisher\":{\"@id\":\"https:\\\/\\\/www.itac-food.com\\\/#organization\"},\"potentialAction\":[{\"@type\":\"SearchAction\",\"target\":{\"@type\":\"EntryPoint\",\"urlTemplate\":\"https:\\\/\\\/www.itac-food.com\\\/?s={search_term_string}\"},\"query-input\":{\"@type\":\"PropertyValueSpecification\",\"valueRequired\":true,\"valueName\":\"search_term_string\"}}],\"inLanguage\":\"pl-PL\"},{\"@type\":\"Organization\",\"@id\":\"https:\\\/\\\/www.itac-food.com\\\/#organization\",\"name\":\"ITAC-Food\",\"url\":\"https:\\\/\\\/www.itac-food.com\\\/\",\"logo\":{\"@type\":\"ImageObject\",\"inLanguage\":\"pl-PL\",\"@id\":\"https:\\\/\\\/www.itac-food.com\\\/#\\\/schema\\\/logo\\\/image\\\/\",\"url\":\"https:\\\/\\\/www.itac-food.com\\\/wp-content\\\/uploads\\\/2018\\\/03\\\/01_SINCERELY_NUTS_BIG_OK.png\",\"contentUrl\":\"https:\\\/\\\/www.itac-food.com\\\/wp-content\\\/uploads\\\/2018\\\/03\\\/01_SINCERELY_NUTS_BIG_OK.png\",\"width\":1920,\"height\":720,\"caption\":\"ITAC-Food\"},\"image\":{\"@id\":\"https:\\\/\\\/www.itac-food.com\\\/#\\\/schema\\\/logo\\\/image\\\/\"},\"sameAs\":[\"https:\\\/\\\/www.facebook.com\\\/ItacFood\\\/\",\"https:\\\/\\\/x.com\\\/ItacFood\",\"https:\\\/\\\/www.instagram.com\\\/ITACfood\\\/\"]}]}<\/script>\n<!-- \/ Yoast SEO plugin. -->","yoast_head_json":{"title":"KOMUNIKAT PRAWNY - ITAC FOOD","robots":{"index":"index","follow":"follow","max-snippet":"max-snippet:-1","max-image-preview":"max-image-preview:large","max-video-preview":"max-video-preview:-1"},"canonical":"https:\/\/www.itac-food.com\/pl\/komunikat-prawny\/","og_locale":"pl_PL","og_type":"article","og_title":"KOMUNIKAT PRAWNY - ITAC FOOD","og_description":"[vc_row][vc_column column_width_use_pixel=&#8221;yes&#8221; align_horizontal=&#8221;align_center&#8221; overlay_alpha=&#8221;50&#8243; gutter_size=&#8221;3&#8243; medium_width=&#8221;0&#8243; mobile_width=&#8221;0&#8243; shift_x=&#8221;0&#8243; shift_y=&#8221;0&#8243; shift_y_down=&#8221;0&#8243; z_index=&#8221;0&#8243; width=&#8221;1\/1&#8243; column_width_pixel=&#8221;860&#8243;][vc_custom_heading heading_semantic=&#8221;h1&#8243; text_size=&#8221;h1&#8243; text_space=&#8221;fontspace-210350&#8243; separator=&#8221;yes&#8221;]KOMUNIKAT PRAWNY[\/vc_custom_heading][\/vc_column][\/vc_row][vc_row][vc_column column_width_use_pixel=&#8221;yes&#8221; overlay_alpha=&#8221;50&#8243; [&hellip;]","og_url":"https:\/\/www.itac-food.com\/pl\/komunikat-prawny\/","og_site_name":"ITAC FOOD","article_publisher":"https:\/\/www.facebook.com\/ItacFood\/","twitter_card":"summary_large_image","twitter_site":"@ItacFood","twitter_misc":{"Szacowany czas czytania":"9 minut"},"schema":{"@context":"https:\/\/schema.org","@graph":[{"@type":"WebPage","@id":"https:\/\/www.itac-food.com\/pl\/komunikat-prawny\/","url":"https:\/\/www.itac-food.com\/pl\/komunikat-prawny\/","name":"KOMUNIKAT PRAWNY - ITAC FOOD","isPartOf":{"@id":"https:\/\/www.itac-food.com\/#website"},"datePublished":"2018-03-21T17:55:58+00:00","breadcrumb":{"@id":"https:\/\/www.itac-food.com\/pl\/komunikat-prawny\/#breadcrumb"},"inLanguage":"pl-PL","potentialAction":[{"@type":"ReadAction","target":["https:\/\/www.itac-food.com\/pl\/komunikat-prawny\/"]}]},{"@type":"BreadcrumbList","@id":"https:\/\/www.itac-food.com\/pl\/komunikat-prawny\/#breadcrumb","itemListElement":[{"@type":"ListItem","position":1,"name":"Home","item":"https:\/\/www.itac-food.com\/pl\/"},{"@type":"ListItem","position":2,"name":"KOMUNIKAT PRAWNY"}]},{"@type":"WebSite","@id":"https:\/\/www.itac-food.com\/#website","url":"https:\/\/www.itac-food.com\/","name":"ITAC FOOD","description":"ITAC FOOD","publisher":{"@id":"https:\/\/www.itac-food.com\/#organization"},"potentialAction":[{"@type":"SearchAction","target":{"@type":"EntryPoint","urlTemplate":"https:\/\/www.itac-food.com\/?s={search_term_string}"},"query-input":{"@type":"PropertyValueSpecification","valueRequired":true,"valueName":"search_term_string"}}],"inLanguage":"pl-PL"},{"@type":"Organization","@id":"https:\/\/www.itac-food.com\/#organization","name":"ITAC-Food","url":"https:\/\/www.itac-food.com\/","logo":{"@type":"ImageObject","inLanguage":"pl-PL","@id":"https:\/\/www.itac-food.com\/#\/schema\/logo\/image\/","url":"https:\/\/www.itac-food.com\/wp-content\/uploads\/2018\/03\/01_SINCERELY_NUTS_BIG_OK.png","contentUrl":"https:\/\/www.itac-food.com\/wp-content\/uploads\/2018\/03\/01_SINCERELY_NUTS_BIG_OK.png","width":1920,"height":720,"caption":"ITAC-Food"},"image":{"@id":"https:\/\/www.itac-food.com\/#\/schema\/logo\/image\/"},"sameAs":["https:\/\/www.facebook.com\/ItacFood\/","https:\/\/x.com\/ItacFood","https:\/\/www.instagram.com\/ITACfood\/"]}]}},"_links":{"self":[{"href":"https:\/\/www.itac-food.com\/pl\/wp-json\/wp\/v2\/pages\/3407","targetHints":{"allow":["GET"]}}],"collection":[{"href":"https:\/\/www.itac-food.com\/pl\/wp-json\/wp\/v2\/pages"}],"about":[{"href":"https:\/\/www.itac-food.com\/pl\/wp-json\/wp\/v2\/types\/page"}],"author":[{"embeddable":true,"href":"https:\/\/www.itac-food.com\/pl\/wp-json\/wp\/v2\/users\/7"}],"replies":[{"embeddable":true,"href":"https:\/\/www.itac-food.com\/pl\/wp-json\/wp\/v2\/comments?post=3407"}],"version-history":[{"count":0,"href":"https:\/\/www.itac-food.com\/pl\/wp-json\/wp\/v2\/pages\/3407\/revisions"}],"wp:attachment":[{"href":"https:\/\/www.itac-food.com\/pl\/wp-json\/wp\/v2\/media?parent=3407"}],"curies":[{"name":"wp","href":"https:\/\/api.w.org\/{rel}","templated":true}]}}