{"id":3413,"date":"2018-03-21T19:07:22","date_gmt":"2018-03-21T18:07:22","guid":{"rendered":"https:\/\/www.itac-food.com\/polityka-cookie\/"},"modified":"2018-03-21T19:07:22","modified_gmt":"2018-03-21T18:07:22","slug":"polityka-cookie","status":"publish","type":"page","link":"https:\/\/www.itac-food.com\/pl\/polityka-cookie\/","title":{"rendered":"POLITYKA COOKIE"},"content":{"rendered":"<div class=\"wpb-content-wrapper\"><p>[vc_row][vc_column column_width_use_pixel=&#8221;yes&#8221; align_horizontal=&#8221;align_center&#8221; overlay_alpha=&#8221;50&#8243; gutter_size=&#8221;3&#8243; medium_width=&#8221;0&#8243; mobile_width=&#8221;0&#8243; shift_x=&#8221;0&#8243; shift_y=&#8221;0&#8243; shift_y_down=&#8221;0&#8243; z_index=&#8221;0&#8243; width=&#8221;1\/1&#8243; column_width_pixel=&#8221;860&#8243;][vc_custom_heading heading_semantic=&#8221;h1&#8243; text_size=&#8221;h1&#8243; text_space=&#8221;fontspace-210350&#8243; separator=&#8221;yes&#8221;]POLITYKA PLIK\u00d3W COOKIE[\/vc_custom_heading][\/vc_column][\/vc_row][vc_row][vc_column column_width_use_pixel=&#8221;yes&#8221; overlay_alpha=&#8221;50&#8243; gutter_size=&#8221;3&#8243; medium_width=&#8221;0&#8243; mobile_width=&#8221;0&#8243; shift_x=&#8221;0&#8243; shift_y=&#8221;0&#8243; shift_y_down=&#8221;0&#8243; z_index=&#8221;0&#8243; width=&#8221;1\/1&#8243; column_width_pixel=&#8221;860&#8243;][vc_column_text]IMPORTACO wykorzystuje pliki cookie, aby poprawi\u0107 do\u015bwiadczenia u\u017cytkownik\u00f3w odwiedzaj\u0105cych nasze strony internetowe, i opublikowa\u0142a now\u0105 polityk\u0119 dotycz\u0105c\u0105 plik\u00f3w cookie. Wyja\u015bnia ona, czym s\u0105 pliki cookie i w jaki spos\u00f3b wykorzystujemy je na naszych stronach internetowych.<\/p>\n<h2>Co to jest plik cookie?<\/h2>\n<p>Pliki cookie to ma\u0142e pliki, z\u0142o\u017cone z ci\u0105g\u00f3w liter i cyfr, umieszczane czasem na komputerze u\u017cytkownika przez serwery stron internetowych. Pozwalaj\u0105 one w\u0142a\u015bcicielowi witryny odr\u00f3\u017cni\u0107 danego u\u017cytkownika od innych u\u017cytkownik\u00f3w witryny. Pliki cookie nie mog\u0105 by\u0107 uruchamiane jako kod i nie zawieraj\u0105 wirus\u00f3w, kt\u00f3re umo\u017cliwi\u0142yby nam dost\u0119p do dysku twardego. Dlatego nie mo\u017cemy uzyska\u0107 dost\u0119pu do informacji na twardym dysku u\u017cytkownika, nawet je\u015bli s\u0105 na nim przechowywane pliki cookie.<\/p>\n<p>Ta strona internetowa korzysta z plik\u00f3w cookie w\u0142asnych i stron trzecich, aby zapewni\u0107 u\u017cytkownikowi lepsze do\u015bwiadczenia i us\u0142ugi. Podczas przegl\u0105dania lub korzystania z naszych us\u0142ug, u\u017cytkownik akceptuje korzystanie przez nad z plik\u00f3w cookie. U\u017cytkownik mo\u017ce zmieni\u0107 ustawienia plik\u00f3w cookie w dowolnym momencie.<\/p>\n<h2>W jaki spos\u00f3b s\u0105 u\u017cywane pliki cookie?<\/h2>\n<p>Dane generowane przez pliki cookie na stronach internetowych IMPORTACO mog\u0105 by\u0107 wykorzystywane do r\u00f3\u017cnych cel\u00f3w, w tym:<\/p>\n<ul>\n<li><strong>Do \u015bci\u015ble niezb\u0119dnych zastosowa\u0144<\/strong>: Te pliki cookie s\u0105 niezb\u0119dne do przegl\u0105dania strony internetowej i korzystania z jej funkcji, takich jak dost\u0119p do bezpiecznych obszar\u00f3w witryny, zapami\u0119tywanie pozycji na li\u015bcie zakup\u00f3w, pami\u0119tanie, w jakim punkcie zam\u00f3wienia znajduje si\u0119 u\u017cytkownik.<\/li>\n<li><strong>Wydajno\u015b\u0107<\/strong>: pliki cookie zbieraj\u0105 informacje o tym, w jaki spos\u00f3b u\u017cytkownicy odwiedzaj\u0105 witryn\u0119, na przyk\u0142ad kt\u00f3re strony odwiedzane s\u0105 przez u\u017cytkownik\u00f3w najcz\u0119\u015bciej i czy otrzymuj\u0105 oni komunikaty o b\u0142\u0119dach. Te pliki cookie s\u0142u\u017c\u0105 do ulepszenia strony internetowej w przysz\u0142ych wersjach, poprawy komfortu u\u017cytkowania, poprawy funkcjonowania witryny poprzez skr\u00f3cenie czasu \u0142adowania stron, kt\u00f3re odwiedza.<\/li>\n<li><strong>Funkcjonalno\u015b\u0107<\/strong>: te pliki cookie pozwalaj\u0105 stronie zapami\u0119ta\u0107 decyzje podejmowane przez u\u017cytkownika, takie jak nazwa u\u017cytkownika lub j\u0119zyk, i zapewniaj\u0105 lepsze do\u015bwiadczenia nawigacji dla u\u017cytkownika. Zapewniaj\u0105, \u017ce wygl\u0105d witryny jest sp\u00f3jny, oraz bezpiecze\u0144stwo podczas logowania.<\/li>\n<li><strong>Kierowanie lub reklama<\/strong>: te pliki cookie s\u0105 wykorzystywane do dostarczania najbardziej odpowiednich dla u\u017cytkownika tre\u015bci, zgodnych z jego zainteresowaniami.<br \/>\nNie zezwalamy stronom trzecim na reklamowanie si\u0119 na naszej stronie internetowej, ale nie mo\u017cemy kontrolowa\u0107 reklamodawc\u00f3w, kt\u00f3rym zezwala na to dostawca us\u0142ug internetowych w celu reklamowania si\u0119 podczas przegl\u0105dania Internetu.<\/li>\n<\/ul>\n<h2>Rodzaje u\u017cywanych plik\u00f3w cookie<\/h2>\n<p>Ta strona u\u017cywa zar\u00f3wno tymczasowych plik\u00f3w cookie sesji, jak i trwa\u0142ych plik\u00f3w cookie. Sesyjne pliki cookie przechowuj\u0105 dane tylko wtedy, gdy u\u017cytkownik wchodzi na stron\u0119 internetow\u0105, a trwa\u0142e pliki cookie przechowuj\u0105 dane w urz\u0105dzeniu w celu kolejnych dost\u0119p\u00f3w i s\u0105 u\u017cywane w wi\u0119cej ni\u017c jednej sesji.<\/p>\n<p>W zale\u017cno\u015bci od celu, w jakim przetwarzane s\u0105 dane uzyskane za po\u015brednictwem plik\u00f3w cookie, Witryna mo\u017ce korzysta\u0107 z nast\u0119puj\u0105cych plik\u00f3w cookie:<\/p>\n<ul>\n<li><strong>Techniczne pliki cookie:\u00a0\u00a0<\/strong>S\u0105 to te, kt\u00f3re umo\u017cliwiaj\u0105 u\u017cytkownikowi poruszanie si\u0119 po stronie internetowej lub aplikacji i korzystanie z r\u00f3\u017cnych opcji lub us\u0142ug, kt\u00f3re istniej\u0105 w ich obr\u0119bie. Na przyk\u0142ad, pliki te kontroluj\u0105 ruch i transmisj\u0119 danych, identyfikuj\u0105 sesj\u0119, dost\u0119p do cz\u0119\u015bci Witryny o ograniczonym dost\u0119pie, zapami\u0119tywanie sk\u0142adowych zam\u00f3wienia, wykonywanie \u017c\u0105dania rejestracji lub udzia\u0142u w wydarzeniu, korzystanie z element\u00f3w bezpiecze\u0144stwa podczas przegl\u0105dania i przechowywania tre\u015bci do rozpowszechniania wideo lub d\u017awi\u0119ku.<\/li>\n<li><strong>Pliki cookie personalizuj\u0105ce:\u00a0<\/strong>S\u0105 to te, kt\u00f3re umo\u017cliwiaj\u0105 u\u017cytkownikowi dost\u0119p do us\u0142ugi przy uwzgl\u0119dnieniu pewnych og\u00f3lnych cech okre\u015blonych wst\u0119pnie na urz\u0105dzeniu lub zdefiniowanymi przez u\u017cytkownika. Na przyk\u0142ad j\u0119zyka, typu przegl\u0105darki, za po\u015brednictwem kt\u00f3rej u\u017cytkownik uzyskuje dost\u0119p do us\u0142ugi, wybranego wygl\u0105du zawarto\u015bci, geolokalizacji urz\u0105dzenia i konfiguracji regionalnej dla obszaru, dla kt\u00f3rego jest dost\u0119pna us\u0142uga.<\/li>\n<li><strong>Pliki cookie reklamowe:\u00a0<\/strong>S\u0105 to te, kt\u00f3re umo\u017cliwiaj\u0105 efektywne zarz\u0105dzanie przestrzeni\u0105 reklamow\u0105 i kt\u00f3re zosta\u0142y zawarte na stronie internetowej lub aplikacji kt\u00f3ra \u015bwiadczy us\u0142ugi. Pozwalaj\u0105 one dostosowa\u0107 tre\u015b\u0107 reklamy tak, aby by\u0142a odpowiednia dla u\u017cytkownika i pozwoli\u0142a unikn\u0105\u0107 wy\u015bwietlania reklam, kt\u00f3re u\u017cytkownik ju\u017c widzia\u0142.<\/li>\n<li><strong>Pliki cookie analizy statystycznej:\u00a0<\/strong>S\u0105 to te, kt\u00f3re umo\u017cliwiaj\u0105 \u015bledzenie i analiz\u0119 zachowania u\u017cytkownik\u00f3w na stronach internetowych. Informacje zbierane za po\u015brednictwem tego typu plik\u00f3w cookie s\u0105 wykorzystywane do pomiaru aktywno\u015bci stron internetowych, aplikacji lub platformy oraz do opracowywania profili nawigacyjnych u\u017cytkownik\u00f3w wspomnianych stron w celu wprowadzenia ulepsze\u0144 w serwisie zgodnie z danymi o u\u017cytkowaniu przez u\u017cytkownik\u00f3w.<\/li>\n<li><strong>Pliki cookie stron trzecich:\u00a0<\/strong>Na niekt\u00f3rych stronach internetowych mo\u017cna instalowa\u0107 pliki cookie stron trzecich, kt\u00f3re pozwalaj\u0105 zarz\u0105dza\u0107 oferowanymi us\u0142ugami i je ulepsza\u0107. Na przyk\u0142ad us\u0142ugi statystyczne Google Analytics.<\/li>\n<\/ul>\n<p>&nbsp;<\/p>\n<table>\n<tbody>\n<tr>\n<th>\u00a0W\u0142a\u015bciciel<br \/>\npliku<br \/>\ncookie<\/th>\n<th>Nazwa<\/th>\n<th>Cel<\/th>\n<th>Typ<\/th>\n<th>Czas trwania<\/th>\n<\/tr>\n<tr>\n<td>Google Analytics<\/td>\n<td>__utma<\/td>\n<td>Ten plik cookie jest zwykle\u00a0zapisywany podczas<br \/>\npierwszej wizyty. Je\u015bli plik\u00a0cookie zostanie r\u0119cznie<br \/>\nusuni\u0119ty, zostanie on\u00a0przywr\u00f3cony podczas<br \/>\nnast\u0119pnej wizyty z nowym\u00a0identyfikatorem. W wi\u0119kszo\u015bci<br \/>\nprzypadk\u00f3w ten plik cookie\u00a0s\u0142u\u017cy do okre\u015blania unikalnych<br \/>\nu\u017cytkownik\u00f3w naszej witryny i\u00a0jest aktualizowany przy ka\u017cdej\u00a0ogl\u0105danej stronie.<\/td>\n<td>Strony<br \/>\ntrzecie<\/td>\n<td>2 lata<\/td>\n<\/tr>\n<tr>\n<td>Google Analytics<\/td>\n<td>__utmb<\/td>\n<td>Ten plik cookie s\u0142u\u017cy do\u00a0rozpoczynania i\u00a0kontynuowania sesji\u00a0u\u017cytkownika w naszej\u00a0witrynie. Gdy u\u017cytkownik\u00a0odwiedza stron\u0119 w naszej\u00a0witrynie, kod Google Analytics\u00a0pr\u00f3buje zaktualizowa\u0107 ten plik\u00a0cookie.<\/td>\n<td>Strony<br \/>\ntrzecie<\/td>\n<td>30 Minut<\/td>\n<\/tr>\n<tr>\n<td>Google Analytics<\/td>\n<td>__utmc<\/td>\n<td>Ten plik cookie funkcjonowa\u0142\u00a0razem z plikiem cookie<br \/>\n__utmb w celu ustalenia, czy\u00a0nale\u017cy rozpocz\u0105\u0107 now\u0105 sesj\u0119<br \/>\ndla u\u017cytkownika. W\u00a0dzisiejszych czasach nie jest<br \/>\non u\u017cywany, ale wci\u0105\u017c istnieje,\u00a0aby zachowa\u0107 kompatybilno\u015b\u0107\u00a0wsteczn\u0105 z kodem\u00a0theurchin.js i ga.js. Plik cookie\u00a0sesji.<\/td>\n<td>Strony<br \/>\ntrzecie<\/td>\n<td>Zako\u0144czenie<br \/>\nsesji<\/td>\n<\/tr>\n<tr>\n<td>Google Analytics<\/td>\n<td>__utmt<\/td>\n<td>Ten plik cookie zwykle nie\u00a0wyst\u0119puje, chyba \u017ce w kodzie\u00a0Google Analytics u\u017cyto opcji\u00a0setVar (). Plik cookie __utmt\u00a0przekazuje informacje do\u00a0metody setVar (), kt\u00f3ra tworzy\u00a0okre\u015blony segment dla<br \/>\nu\u017cytkownik\u00f3w<\/td>\n<td>Strony<br \/>\ntrzecie<\/td>\n<td>2 lata<\/td>\n<\/tr>\n<tr>\n<td>Google Analytics<\/td>\n<td>__utmz<\/td>\n<td>Zapisuje informacje o linkach\u00a0u\u017cywanych przez u\u017cytkownika\u00a0w celu dotarcia do strony\u00a0internetowej, czy to\u00a0bezpo\u015brednio, czy za\u00a0po\u015brednictwem link\u00f3w,<br \/>\nwyszukiwarki internetowej,\u00a0kampanii reklamowej lub e-maila. Oblicza ruch\u00a0pochodz\u0105cy z przegl\u0105darek\u00a0internetowych, kampanii\u00a0marketingowych i nawigacji po\u00a0naszej stronie<\/td>\n<td>Strony<br \/>\ntrzecie<\/td>\n<td>6 miesi\u0119cy<\/td>\n<\/tr>\n<tr>\n<td>WordPress Cookie<\/td>\n<td>PHPSESSID<\/td>\n<td>Ten plik cookie jest u\u017cywany\u00a0przez j\u0119zyk szyfrowania PHP,\u00a0aby umo\u017cliwi\u0107 zapisywanie\u00a0zmiennych SESJI na<br \/>\nserwerze www. Te pliki cookie\u00a0s\u0105 niezb\u0119dne do dzia\u0142ania\u00a0strony.<\/td>\n<td>W\u0142asne<\/td>\n<td>Zako\u0144czenie<br \/>\nsesji<\/td>\n<\/tr>\n<tr>\n<td>WordPress Cookie<\/td>\n<td>qtrans_front_language<\/td>\n<td>This cookie is used to track users language preferences<\/td>\n<td>W\u0142asne<\/td>\n<td>12 miesi\u0119cy<\/td>\n<\/tr>\n<\/tbody>\n<\/table>\n<p>&nbsp;<\/p>\n<h2>Zarz\u0105dzanie plikami cookie<\/h2>\n<p>U\u017cytkownik ma mo\u017cliwo\u015b\u0107 zezwolenia na korzystanie z plik\u00f3w cookie zainstalowanych na swoim komputerze, ich zablokowanie lub usuni\u0119cie, poprzez skonfigurowanie opcji przegl\u0105darki zainstalowanej na swoim urz\u0105dzeniu:<\/p>\n<h5>Aby dostosowa\u0107 uprawnienia zwi\u0105zane z plikami cookie w przegl\u0105darce Google Chrome:<\/h5>\n<ul>\n<li>Kliknij menu znajduj\u0105ce si\u0119 na pasku narz\u0119dzi.<\/li>\n<li>Wybierz Ustawienia.<\/li>\n<li>Kliknij Poka\u017c zaawansowane opcje.<\/li>\n<li>W zak\u0142adce \u201ePrywatno\u015b\u0107\u201d kliknij przycisk Ustawienia tre\u015bci.<\/li>\n<li>W zak\u0142adce \u201ePliki cookie\u201d mo\u017cesz skonfigurowa\u0107 opcje.<\/li>\n<\/ul>\n<p>Wi\u0119cej informacji o Google Chrome:\u00a0\u00a0<a href=\"https:\/\/support.google.com\/chrome\/answer\/95647?hl=pl\" target=\"_blank\" rel=\"noopener\">https:\/\/support.google.com\/ chrome\/answer\/95647?hl=pl<\/a><\/p>\n<h5>Aby dostosowa\u0107 uprawnienia zwi\u0105zane z plikami cookie w przegl\u0105darce Mozilla Firefox:<\/h5>\n<ul>\n<li>W g\u00f3rnej cz\u0119\u015bci okna przegl\u0105darki Firefox kliknij menu Narz\u0119dzia.<\/li>\n<li>Wybierz Opcje.<\/li>\n<li>Wybierz panel Prywatno\u015b\u0107.<\/li>\n<li>W opcji Firefox mo\u017cesz wybra\u0107 opcj\u0119 U\u017cyj niestandardowej konfiguracji dla historii, aby skonfigurowa\u0107 opcje.<\/li>\n<\/ul>\n<p>Wi\u0119cej informacji o Mozilla Firefox:\u00a0<a href=\"https:\/\/support.mozilla.org\/pl\/\" target=\"_blank\" rel=\"noopener\">https:\/\/support.mozilla.org\/pl\/<\/a><\/p>\n<p>&nbsp;<\/p>\n<h5>Aby dostosowa\u0107 uprawnienia zwi\u0105zane z plikami cookie w przegl\u0105darce Internet Explorer:<\/h5>\n<ul>\n<li>W g\u00f3rnej cz\u0119\u015bci okna przegl\u0105darki Internet Explorer kliknij menu Narz\u0119dzia<\/li>\n<li>Wybierz kart\u0119 Bezpiecze\u0144stwo i u\u017cyj opcji Usu\u0144 histori\u0119 przegl\u0105dania, aby usun\u0105\u0107 pliki cookie. Zaznacz pole Pliki cookie, a nast\u0119pnie kliknij przycisk Usu\u0144.<\/li>\n<li>Wybierz kart\u0119 Bezpiecze\u0144stwo i w Ustawieniach, przesu\u0144 suwak do g\u00f3ry, aby zablokowa\u0107 wszystkie pliki cookie lub ca\u0142kowicie w d\u00f3\u0142, aby zezwoli\u0107 na wszystkie pliki cookie. Nast\u0119pnie kliknij OK.<\/li>\n<\/ul>\n<p>Wi\u0119cej informacji o programie Internet Explorer:\u00a0<a href=\"https:\/\/support.microsoft.com\/pl-pl\/help\/17442\/windows-internet-explorer-delete-manage-cookies\" target=\"_blank\" rel=\"noopener\">https:\/\/support.microsoft.com\/ pl-pl\/help\/17442\/windows- internet-explorer-delete- manage-cookies<\/a><\/p>\n<p>Mo\u017cesz dowiedzie\u0107 si\u0119 wi\u0119cej o tym, jak zarz\u0105dza\u0107 plikami cookie, korzystaj\u0105c z funkcji \u201ePomoc\u201d w przegl\u0105darce, lub odwiedzaj\u0105c stron\u0119 <a href=\"https:\/\/www.aboutcookies.org\" target=\"_blank\" rel=\"noopener\">www.aboutcookies.org<\/a>, kt\u00f3ra zawiera szczeg\u00f3\u0142owe informacje na temat zarz\u0105dzania plikami cookie w najpopularniejszych przegl\u0105darkach.<\/p>\n<p>W niekt\u00f3rych przegl\u0105darkach mo\u017cna skonfigurowa\u0107 okre\u015blone zasady zarz\u0105dzania plikami cookie na poszczeg\u00f3lnych stronach, co zapewnia precyzyjniejsz\u0105 kontrol\u0119 prywatno\u015bci. Oznacza to, \u017ce mo\u017cesz wy\u0142\u0105czy\u0107 pliki cookie ze wszystkich witryn, z wyj\u0105tkiem tych, do kt\u00f3rych masz zaufanie.[\/vc_column_text][vc_empty_space empty_h=&#8221;2&#8243;][\/vc_column][\/vc_row]<\/p>\n<\/div>","protected":false},"excerpt":{"rendered":"<p>[vc_row][vc_column column_width_use_pixel=&#8221;yes&#8221; align_horizontal=&#8221;align_center&#8221; overlay_alpha=&#8221;50&#8243; gutter_size=&#8221;3&#8243; medium_width=&#8221;0&#8243; mobile_width=&#8221;0&#8243; shift_x=&#8221;0&#8243; shift_y=&#8221;0&#8243; shift_y_down=&#8221;0&#8243; z_index=&#8221;0&#8243; width=&#8221;1\/1&#8243; column_width_pixel=&#8221;860&#8243;][vc_custom_heading heading_semantic=&#8221;h1&#8243; text_size=&#8221;h1&#8243; text_space=&#8221;fontspace-210350&#8243; separator=&#8221;yes&#8221;]POLITYKA PLIK\u00d3W COOKIE[\/vc_custom_heading][\/vc_column][\/vc_row][vc_row][vc_column column_width_use_pixel=&#8221;yes&#8221; [&hellip;]<\/p>\n","protected":false},"author":7,"featured_media":0,"parent":0,"menu_order":520,"comment_status":"closed","ping_status":"closed","template":"","meta":{"footnotes":""},"class_list":["post-3413","page","type-page","status-publish","hentry"],"yoast_head":"<!-- This site is optimized with the Yoast SEO plugin v27.3 - https:\/\/yoast.com\/product\/yoast-seo-wordpress\/ -->\n<title>POLITYKA COOKIE - ITAC FOOD<\/title>\n<meta name=\"robots\" content=\"index, follow, max-snippet:-1, max-image-preview:large, max-video-preview:-1\" \/>\n<link rel=\"canonical\" href=\"https:\/\/www.itac-food.com\/pl\/polityka-cookie\/\" \/>\n<meta property=\"og:locale\" content=\"pl_PL\" \/>\n<meta property=\"og:type\" content=\"article\" \/>\n<meta property=\"og:title\" content=\"POLITYKA COOKIE - ITAC FOOD\" \/>\n<meta property=\"og:description\" content=\"[vc_row][vc_column column_width_use_pixel=&#8221;yes&#8221; align_horizontal=&#8221;align_center&#8221; overlay_alpha=&#8221;50&#8243; gutter_size=&#8221;3&#8243; medium_width=&#8221;0&#8243; mobile_width=&#8221;0&#8243; shift_x=&#8221;0&#8243; shift_y=&#8221;0&#8243; shift_y_down=&#8221;0&#8243; z_index=&#8221;0&#8243; width=&#8221;1\/1&#8243; column_width_pixel=&#8221;860&#8243;][vc_custom_heading heading_semantic=&#8221;h1&#8243; text_size=&#8221;h1&#8243; text_space=&#8221;fontspace-210350&#8243; separator=&#8221;yes&#8221;]POLITYKA PLIK\u00d3W COOKIE[\/vc_custom_heading][\/vc_column][\/vc_row][vc_row][vc_column column_width_use_pixel=&#8221;yes&#8221; [&hellip;]\" \/>\n<meta property=\"og:url\" content=\"https:\/\/www.itac-food.com\/pl\/polityka-cookie\/\" \/>\n<meta property=\"og:site_name\" content=\"ITAC FOOD\" \/>\n<meta property=\"article:publisher\" content=\"https:\/\/www.facebook.com\/ItacFood\/\" \/>\n<meta name=\"twitter:card\" content=\"summary_large_image\" \/>\n<meta name=\"twitter:site\" content=\"@ItacFood\" \/>\n<meta name=\"twitter:label1\" content=\"Szacowany czas czytania\" \/>\n\t<meta name=\"twitter:data1\" content=\"8 minut\" \/>\n<script type=\"application\/ld+json\" class=\"yoast-schema-graph\">{\"@context\":\"https:\\\/\\\/schema.org\",\"@graph\":[{\"@type\":\"WebPage\",\"@id\":\"https:\\\/\\\/www.itac-food.com\\\/pl\\\/polityka-cookie\\\/\",\"url\":\"https:\\\/\\\/www.itac-food.com\\\/pl\\\/polityka-cookie\\\/\",\"name\":\"POLITYKA COOKIE - ITAC FOOD\",\"isPartOf\":{\"@id\":\"https:\\\/\\\/www.itac-food.com\\\/#website\"},\"datePublished\":\"2018-03-21T18:07:22+00:00\",\"breadcrumb\":{\"@id\":\"https:\\\/\\\/www.itac-food.com\\\/pl\\\/polityka-cookie\\\/#breadcrumb\"},\"inLanguage\":\"pl-PL\",\"potentialAction\":[{\"@type\":\"ReadAction\",\"target\":[\"https:\\\/\\\/www.itac-food.com\\\/pl\\\/polityka-cookie\\\/\"]}]},{\"@type\":\"BreadcrumbList\",\"@id\":\"https:\\\/\\\/www.itac-food.com\\\/pl\\\/polityka-cookie\\\/#breadcrumb\",\"itemListElement\":[{\"@type\":\"ListItem\",\"position\":1,\"name\":\"Home\",\"item\":\"https:\\\/\\\/www.itac-food.com\\\/pl\\\/\"},{\"@type\":\"ListItem\",\"position\":2,\"name\":\"POLITYKA COOKIE\"}]},{\"@type\":\"WebSite\",\"@id\":\"https:\\\/\\\/www.itac-food.com\\\/#website\",\"url\":\"https:\\\/\\\/www.itac-food.com\\\/\",\"name\":\"ITAC FOOD\",\"description\":\"ITAC FOOD\",\"publisher\":{\"@id\":\"https:\\\/\\\/www.itac-food.com\\\/#organization\"},\"potentialAction\":[{\"@type\":\"SearchAction\",\"target\":{\"@type\":\"EntryPoint\",\"urlTemplate\":\"https:\\\/\\\/www.itac-food.com\\\/?s={search_term_string}\"},\"query-input\":{\"@type\":\"PropertyValueSpecification\",\"valueRequired\":true,\"valueName\":\"search_term_string\"}}],\"inLanguage\":\"pl-PL\"},{\"@type\":\"Organization\",\"@id\":\"https:\\\/\\\/www.itac-food.com\\\/#organization\",\"name\":\"ITAC-Food\",\"url\":\"https:\\\/\\\/www.itac-food.com\\\/\",\"logo\":{\"@type\":\"ImageObject\",\"inLanguage\":\"pl-PL\",\"@id\":\"https:\\\/\\\/www.itac-food.com\\\/#\\\/schema\\\/logo\\\/image\\\/\",\"url\":\"https:\\\/\\\/www.itac-food.com\\\/wp-content\\\/uploads\\\/2018\\\/03\\\/01_SINCERELY_NUTS_BIG_OK.png\",\"contentUrl\":\"https:\\\/\\\/www.itac-food.com\\\/wp-content\\\/uploads\\\/2018\\\/03\\\/01_SINCERELY_NUTS_BIG_OK.png\",\"width\":1920,\"height\":720,\"caption\":\"ITAC-Food\"},\"image\":{\"@id\":\"https:\\\/\\\/www.itac-food.com\\\/#\\\/schema\\\/logo\\\/image\\\/\"},\"sameAs\":[\"https:\\\/\\\/www.facebook.com\\\/ItacFood\\\/\",\"https:\\\/\\\/x.com\\\/ItacFood\",\"https:\\\/\\\/www.instagram.com\\\/ITACfood\\\/\"]}]}<\/script>\n<!-- \/ Yoast SEO plugin. -->","yoast_head_json":{"title":"POLITYKA COOKIE - ITAC FOOD","robots":{"index":"index","follow":"follow","max-snippet":"max-snippet:-1","max-image-preview":"max-image-preview:large","max-video-preview":"max-video-preview:-1"},"canonical":"https:\/\/www.itac-food.com\/pl\/polityka-cookie\/","og_locale":"pl_PL","og_type":"article","og_title":"POLITYKA COOKIE - ITAC FOOD","og_description":"[vc_row][vc_column column_width_use_pixel=&#8221;yes&#8221; align_horizontal=&#8221;align_center&#8221; overlay_alpha=&#8221;50&#8243; gutter_size=&#8221;3&#8243; medium_width=&#8221;0&#8243; mobile_width=&#8221;0&#8243; shift_x=&#8221;0&#8243; shift_y=&#8221;0&#8243; shift_y_down=&#8221;0&#8243; z_index=&#8221;0&#8243; width=&#8221;1\/1&#8243; column_width_pixel=&#8221;860&#8243;][vc_custom_heading heading_semantic=&#8221;h1&#8243; text_size=&#8221;h1&#8243; text_space=&#8221;fontspace-210350&#8243; separator=&#8221;yes&#8221;]POLITYKA PLIK\u00d3W COOKIE[\/vc_custom_heading][\/vc_column][\/vc_row][vc_row][vc_column column_width_use_pixel=&#8221;yes&#8221; [&hellip;]","og_url":"https:\/\/www.itac-food.com\/pl\/polityka-cookie\/","og_site_name":"ITAC FOOD","article_publisher":"https:\/\/www.facebook.com\/ItacFood\/","twitter_card":"summary_large_image","twitter_site":"@ItacFood","twitter_misc":{"Szacowany czas czytania":"8 minut"},"schema":{"@context":"https:\/\/schema.org","@graph":[{"@type":"WebPage","@id":"https:\/\/www.itac-food.com\/pl\/polityka-cookie\/","url":"https:\/\/www.itac-food.com\/pl\/polityka-cookie\/","name":"POLITYKA COOKIE - ITAC FOOD","isPartOf":{"@id":"https:\/\/www.itac-food.com\/#website"},"datePublished":"2018-03-21T18:07:22+00:00","breadcrumb":{"@id":"https:\/\/www.itac-food.com\/pl\/polityka-cookie\/#breadcrumb"},"inLanguage":"pl-PL","potentialAction":[{"@type":"ReadAction","target":["https:\/\/www.itac-food.com\/pl\/polityka-cookie\/"]}]},{"@type":"BreadcrumbList","@id":"https:\/\/www.itac-food.com\/pl\/polityka-cookie\/#breadcrumb","itemListElement":[{"@type":"ListItem","position":1,"name":"Home","item":"https:\/\/www.itac-food.com\/pl\/"},{"@type":"ListItem","position":2,"name":"POLITYKA COOKIE"}]},{"@type":"WebSite","@id":"https:\/\/www.itac-food.com\/#website","url":"https:\/\/www.itac-food.com\/","name":"ITAC FOOD","description":"ITAC FOOD","publisher":{"@id":"https:\/\/www.itac-food.com\/#organization"},"potentialAction":[{"@type":"SearchAction","target":{"@type":"EntryPoint","urlTemplate":"https:\/\/www.itac-food.com\/?s={search_term_string}"},"query-input":{"@type":"PropertyValueSpecification","valueRequired":true,"valueName":"search_term_string"}}],"inLanguage":"pl-PL"},{"@type":"Organization","@id":"https:\/\/www.itac-food.com\/#organization","name":"ITAC-Food","url":"https:\/\/www.itac-food.com\/","logo":{"@type":"ImageObject","inLanguage":"pl-PL","@id":"https:\/\/www.itac-food.com\/#\/schema\/logo\/image\/","url":"https:\/\/www.itac-food.com\/wp-content\/uploads\/2018\/03\/01_SINCERELY_NUTS_BIG_OK.png","contentUrl":"https:\/\/www.itac-food.com\/wp-content\/uploads\/2018\/03\/01_SINCERELY_NUTS_BIG_OK.png","width":1920,"height":720,"caption":"ITAC-Food"},"image":{"@id":"https:\/\/www.itac-food.com\/#\/schema\/logo\/image\/"},"sameAs":["https:\/\/www.facebook.com\/ItacFood\/","https:\/\/x.com\/ItacFood","https:\/\/www.instagram.com\/ITACfood\/"]}]}},"_links":{"self":[{"href":"https:\/\/www.itac-food.com\/pl\/wp-json\/wp\/v2\/pages\/3413","targetHints":{"allow":["GET"]}}],"collection":[{"href":"https:\/\/www.itac-food.com\/pl\/wp-json\/wp\/v2\/pages"}],"about":[{"href":"https:\/\/www.itac-food.com\/pl\/wp-json\/wp\/v2\/types\/page"}],"author":[{"embeddable":true,"href":"https:\/\/www.itac-food.com\/pl\/wp-json\/wp\/v2\/users\/7"}],"replies":[{"embeddable":true,"href":"https:\/\/www.itac-food.com\/pl\/wp-json\/wp\/v2\/comments?post=3413"}],"version-history":[{"count":0,"href":"https:\/\/www.itac-food.com\/pl\/wp-json\/wp\/v2\/pages\/3413\/revisions"}],"wp:attachment":[{"href":"https:\/\/www.itac-food.com\/pl\/wp-json\/wp\/v2\/media?parent=3413"}],"curies":[{"name":"wp","href":"https:\/\/api.w.org\/{rel}","templated":true}]}}