{"id":3441,"date":"2023-02-20T13:02:09","date_gmt":"2023-02-20T12:02:09","guid":{"rendered":"https:\/\/www.itac-food.com\/polityka-prywatnosci\/"},"modified":"2023-02-20T13:02:09","modified_gmt":"2023-02-20T12:02:09","slug":"polityka-prywatnosci","status":"publish","type":"page","link":"https:\/\/www.itac-food.com\/pl\/polityka-prywatnosci\/","title":{"rendered":"POLITYKA PRYWATNO\u015aCI"},"content":{"rendered":"<p><b>POLITYKA PRYWATNO\u015aCI<\/b><\/p>\n<p><span style=\"font-weight: 400;\">www.itac-food.com<\/span><\/p>\n<p><b>KTO JEST ODPOWIEDZIALNY ZA PRZETWARZANIE PA\u0143STWA DANYCH?<\/b><\/p>\n<ul>\n<li style=\"font-weight: 400;\" aria-level=\"1\"><span style=\"font-weight: 400;\">Nazwa firmy: IMPORTACO, S.A.<\/span><\/li>\n<li style=\"font-weight: 400;\" aria-level=\"1\"><span style=\"font-weight: 400;\">Siedziba: Carretera Real de Madrid Norte, 81; 46469 Beniparrell (Walencja)<\/span><\/li>\n<li style=\"font-weight: 400;\" aria-level=\"1\"><span style=\"font-weight: 400;\">Telefon: +34 96 122 30 00<\/span><\/li>\n<li style=\"font-weight: 400;\" aria-level=\"1\"><span style=\"font-weight: 400;\">Adres e-mail IOD: <\/span><a href=\"mailto:dpo@importaco.com\"><span style=\"font-weight: 400;\">dpo@importaco.com<\/span><\/a><span style=\"font-weight: 400;\">\u00a0<\/span><\/li>\n<\/ul>\n<p>&nbsp;<\/p>\n<p><span style=\"font-weight: 400;\">Informacje te obejmuj\u0105 i reguluj\u0105 warunki korzystania, ograniczenia odpowiedzialno\u015bci i obowi\u0105zki, kt\u00f3re u\u017cytkownicy strony internetowej <\/span><span style=\"font-weight: 400;\">www.itac-food.com<\/span><span style=\"font-weight: 400;\"> (zwanej dalej \u201eStron\u0105\u201d) przyjmuj\u0105 i kt\u00f3rych zobowi\u0105zuj\u0105 si\u0119 przestrzega\u0107.<\/span><\/p>\n<p><span style=\"font-weight: 400;\">Uzupe\u0142nienie niniejszej Polityki prywatno\u015bci stanowi\u0105 (i) nasza Informacja prawna oraz (ii) nasza Polityka Plik\u00f3w cookie.<\/span><\/p>\n<p>&nbsp;<\/p>\n<p><b>W JAKIM CELU PRZETWARZAMY PA\u0143STWA DANE?<\/b><\/p>\n<p><span style=\"font-weight: 400;\">Dane, kt\u00f3re podaj\u0105 nam Pa\u0144stwo za po\u015brednictwem Strony, www.itac-professional.com mog\u0105 zosta\u0107 wykorzystane do nast\u0119puj\u0105cych cel\u00f3w:<\/span><\/p>\n<ul>\n<li style=\"font-weight: 400;\" aria-level=\"1\"><span style=\"font-weight: 400;\">aby si\u0119 z Pa\u0144stwem skontaktowa\u0107;<\/span><\/li>\n<li style=\"font-weight: 400;\" aria-level=\"1\"><span style=\"font-weight: 400;\">aby obs\u0142ugiwa\u0107, przetwarza\u0107 i w\u0142a\u015bciwie zarz\u0105dza\u0107 otrzymywanymi przez nas zapytaniami, komentarzami, zg\u0142oszeniami incydent\u00f3w lub sugestiami;<\/span><\/li>\n<li style=\"font-weight: 400;\" aria-level=\"1\"><span style=\"font-weight: 400;\">aby informowa\u0107 Pa\u0144stwa, za pomoc\u0105 \u015brodk\u00f3w elektronicznych lub urz\u0105dze\u0144 mobilnych, o wszelkich informacjach, kt\u00f3re mog\u0105 Pa\u0144stwa zainteresowa\u0107;<\/span><\/li>\n<li style=\"font-weight: 400;\" aria-level=\"1\"><span style=\"font-weight: 400;\">aby przeprowadzi\u0107 analiz\u0119 statystyczn\u0105 dotycz\u0105c\u0105 korzystania ze Strony i zachowania u\u017cytkownik\u00f3w na Stronie;<\/span><\/li>\n<li style=\"font-weight: 400;\" aria-level=\"1\"><span style=\"font-weight: 400;\">aby prawid\u0142owo zarz\u0105dza\u0107 przegl\u0105daniem Strony;<\/span><\/li>\n<li style=\"font-weight: 400;\" aria-level=\"1\"><span style=\"font-weight: 400;\">aby dochodzi\u0107 lub broni\u0107 roszcze\u0144 wszelkiego rodzaju.<\/span><\/li>\n<\/ul>\n<p><span style=\"font-weight: 400;\">Podane informacje mog\u0105 by\u0107 przetwarzane w celu utworzenia profilu, kt\u00f3ry umo\u017cliwi\u0142by nam dostarczenie Pa\u0144stwu najbardziej interesuj\u0105cych Pa\u0144stwa informacji. Ponadto informujemy, \u017ce na podstawie tego potencjalnego profilu nie b\u0119d\u0105 podejmowane \u017cadne zautomatyzowane decyzje.<\/span><\/p>\n<p><b>JAKIE S\u0104 PODSTAWY PRAWNE PRZETWARZANIA PA\u0143STWA DANYCH?<\/b><\/p>\n<p><span style=\"font-weight: 400;\">G\u0142\u00f3wn\u0105 podstaw\u0119 prawn\u0105 przetwarzania danych obj\u0119tych niniejsz\u0105 Polityk\u0105 prywatno\u015bci jest wyra\u017ana zgoda zainteresowanej osoby w odniesieniu do nast\u0119puj\u0105cych operacji przetwarzania danych:<\/span><\/p>\n<ul>\n<li style=\"font-weight: 400;\" aria-level=\"1\"><span style=\"font-weight: 400;\">przetwarzanie danych w formularzu kontaktowym Strony w celu zarz\u0105dzania zapytaniami lub komentarzami przekazywanymi przez u\u017cytkownik\u00f3w Strony;<\/span><\/li>\n<li style=\"font-weight: 400;\" aria-level=\"1\"><span style=\"font-weight: 400;\">przetwarzanie danych zawartych w subskrypcjach Klubu i Newslettera w celu przesy\u0142ania naszego Newslettera oraz odpowiednich informacji handlowych.<\/span><\/li>\n<\/ul>\n<p><span style=\"font-weight: 400;\">Ponadto podstaw\u0105 przetwarzania danych zainteresowanej osoby b\u0119dzie uzasadniony interes IMPORTACO, S.A. je\u015bli chodzi o utrzymywanie linii komunikacji z u\u017cytkownikami Strony w zakresie nast\u0119puj\u0105cych operacji przetwarzania danych:<\/span><\/p>\n<ul>\n<li style=\"font-weight: 400;\" aria-level=\"1\"><span style=\"font-weight: 400;\">wewn\u0119trzna administracja Strony;<\/span><\/li>\n<li style=\"font-weight: 400;\" aria-level=\"1\"><span style=\"font-weight: 400;\">analiza statystyczna wizyt na Stronie i zachowa\u0144 u\u017cytkownik\u00f3w.<\/span><\/li>\n<\/ul>\n<p><b>KOMU ZOSTAN\u0104 UJAWNIONE PA\u0143STWA DANE?<\/b><\/p>\n<p><span style=\"font-weight: 400;\">IMPORTACO, S.A. nie ujawni danych, kt\u00f3re nam Pa\u0144stwo podaj\u0105, z wyj\u0105tkiem tych, kt\u00f3re s\u0105 absolutnie niezb\u0119dne w przypadku obowi\u0105zku prawnego lub nakazu s\u0105dowego albo administracyjnego wydanego przez w\u0142adze publiczne.<\/span><\/p>\n<p><b>JAK D\u0141UGO B\u0118DZIEMY PRZECHOWYWA\u0106 PA\u0143STWA DANE OSOBOWE?<\/b><\/p>\n<p><span style=\"font-weight: 400;\">Dane b\u0119d\u0105 przechowywane przez czas uznany za niezb\u0119dny w zale\u017cno\u015bci od celu, w jakim zosta\u0142y podane lub zgromadzone, bez uszczerbku, w stosownych przypadkach, dla wykonywania prawa do ich usuni\u0119cia. W zwi\u0105zku z przetwarzaniem niezb\u0119dnym do przesy\u0142ania informacji handlowych, Pa\u0144stwa dane b\u0119d\u0105 przechowywane do czasu rezygnacji z subskrypcji Klubu i\/lub Newslettera.<\/span><\/p>\n<p><b>JAKIE S\u0104 PA\u0143STWA PRAWA?<\/b><\/p>\n<p><span style=\"font-weight: 400;\">B\u0119d\u0105 Pa\u0144stwo mie\u0107 prawo do uzyskania potwierdzenia, czy mamy do czynienia z dotycz\u0105cymi Pa\u0144stwa danymi osobowymi. W odniesieniu do Pa\u0144stwa danych osobowych przys\u0142uguje Pa\u0144stwu prawo do:<\/span><\/p>\n<ul>\n<li style=\"font-weight: 400;\" aria-level=\"1\"><span style=\"font-weight: 400;\">uzyskania do nich dost\u0119pu;<\/span><\/li>\n<li style=\"font-weight: 400;\" aria-level=\"1\"><span style=\"font-weight: 400;\">\u017c\u0105dania ich sprostowania lub usuni\u0119cia;<\/span><\/li>\n<li style=\"font-weight: 400;\" aria-level=\"1\"><span style=\"font-weight: 400;\">\u017c\u0105dania ograniczenia ich przetwarzania;<\/span><\/li>\n<li style=\"font-weight: 400;\" aria-level=\"1\"><span style=\"font-weight: 400;\">sprzeciwu wobec ich przetwarzania;<\/span><\/li>\n<li style=\"font-weight: 400;\" aria-level=\"1\"><span style=\"font-weight: 400;\">wnioskowania o ich przenoszenie w zorganizowanym, powszechnie stosowanym i mo\u017cliwym do odczytu maszynowego formacie.<\/span><\/li>\n<\/ul>\n<p><span style=\"font-weight: 400;\">Ponadto przypominamy, \u017ce u\u017cytkownicy mog\u0105 wycofa\u0107 udzielon\u0105 zgod\u0119 w dowolnym celu i w dowolnym momencie.<\/span><\/p>\n<p><span style=\"font-weight: 400;\">Mog\u0105 Pa\u0144stwo skorzysta\u0107 z tych praw przed IMPORTACO, S.A. W tym celu mog\u0105 Pa\u0144stwo napisa\u0107 do IMPORTACO, S.A. na adres wskazany w niniejszej Polityce prywatno\u015bci, do\u0142\u0105czaj\u0105c do wniosku kserokopi\u0119 dowodu to\u017csamo\u015bci i\/lub wysy\u0142aj\u0105c wiadomo\u015b\u0107 e-mail na adres Dpo@importaco.com, wskazuj\u0105c prawo, z kt\u00f3rego chcesz skorzysta\u0107.<\/span><\/p>\n<p><span style=\"font-weight: 400;\">Na koniec informujemy, \u017ce u\u017cytkownicy maj\u0105 prawo z\u0142o\u017cy\u0107 skarg\u0119 do w\u0142a\u015bciwego organu ochrony danych, kt\u00f3rym w przypadku Hiszpanii jest hiszpa\u0144ska Agencja Ochrony Danych (Agencia Espa\u00f1ola de Protecci\u00f3n de Datos).<\/span><\/p>\n<p><b>\u015aRODKI TECHNICZNE I ORGANIZACYJNE<\/b><\/p>\n<p><span style=\"font-weight: 400;\">IMPORTACO, S.A. podejmie niezb\u0119dne \u015brodki techniczne i organizacyjne w celu zapewnienia bezpiecze\u0144stwa i poufno\u015bci Pa\u0144stwa danych, zgodnie z obowi\u0105zuj\u0105cym ustawodawstwem. Polityka przetwarzania danych i \u015brodki bezpiecze\u0144stwa wprowadzone przez IMPORTACO, S.A. zapobiegaj\u0105 nieuprawnionej zmianie, utracie, przetwarzaniu lub wykorzystywaniu Pa\u0144stwa danych osobowych.<\/span><\/p>\n<p><span style=\"font-weight: 400;\">IMPORTACO, S.A. informuje, \u017ce nie weryfikuje prawdziwo\u015bci danych i w zwi\u0105zku z tym to u\u017cytkownicy maj\u0105 obowi\u0105zek podania prawid\u0142owych informacji.<\/span><\/p>\n<p><b>LINKI DO INNYCH STRON\u00a0<\/b><\/p>\n<p>&nbsp;<\/p>\n<p><span style=\"font-weight: 400;\">Strona mo\u017ce zawiera\u0107 linki do innych stron lub for\u00f3w spo\u0142eczno\u015bciowych, kt\u00f3re mog\u0105 by\u0107 interesuj\u0105ce dla u\u017cytkownik\u00f3w. IMPORTACO nie przyjmuje odpowiedzialno\u015bci za te linki i nie mo\u017cna zagwarantowa\u0107 zgodno\u015bci z odpowiednimi politykami prywatno\u015bci, a u\u017cytkownicy uzyskuj\u0105 dost\u0119p do tre\u015bci wy\u017cej wymienionych stron na w\u0142asne ryzyko, zgodnie z okre\u015blonymi w nich warunkami u\u017cytkowania.<\/span><\/p>\n<p>&nbsp;<\/p>\n<p><span style=\"font-weight: 400;\">Nasza Polityka prywatno\u015bci nie ma zastosowania i nie ponosimy odpowiedzialno\u015bci za prywatno\u015b\u0107, informacje lub inne praktyki zapewniane przez strony trzecie, w tym wszelkie strony trzecie, kt\u00f3re mog\u0105 pojawia\u0107 si\u0119 w wynikach wyszukiwania i na stronach dost\u0119pnych z tej strony. Zamieszczenie linku na Stronie nie oznacza poparcia dla powi\u0105zanej strony przez nas lub nasze podmioty stowarzyszone.<\/span><\/p>\n<p><b>SIECI SPO\u0141ECZNO\u015aCIOWE\u00a0<\/b><\/p>\n<p>&nbsp;<\/p>\n<p><span style=\"font-weight: 400;\">IMPORTACO wykorzystuje linki do nast\u0119puj\u0105cych sieci spo\u0142eczno\u015bciowych (zwanych dalej \u201esieciami spo\u0142eczno\u015bciowymi\u201d), aby umo\u017cliwi\u0107 Pa\u0144stwu udost\u0119pnianie tre\u015bci na Stronie:<\/span><\/p>\n<p>&nbsp;<\/p>\n<p><span style=\"font-weight: 400;\">Youtube: U\u017cytkownik mo\u017ce skontaktowa\u0107 si\u0119 z Google Ireland Limited i\/lub Google LLC w zwi\u0105zku z SCC Administratora danych pod adresem https:\/\/support.google.com\/policies\/troubleshooter\/9009584 lub za pomoc\u0105 innych \u015brodk\u00f3w udost\u0119pnianych ka\u017cdorazowo przez Google.<\/span><\/p>\n<p>&nbsp;<\/p>\n<p><span style=\"font-weight: 400;\">LinkedIn: U\u017cytkownik mo\u017ce skontaktowa\u0107 si\u0119 z LinkedIn pod nast\u0119puj\u0105cym adresem:<\/span><\/p>\n<p><span style=\"font-weight: 400;\">LinkedIn Ireland Unlimited Company<\/span><span style=\"font-weight: 400;\"><br \/>\n<\/span><span style=\"font-weight: 400;\">Attn: Legal Dept. (Privacy Policy and User Agreement)<\/span><span style=\"font-weight: 400;\"><br \/>\n<\/span><span style=\"font-weight: 400;\">Wilton Place<\/span><span style=\"font-weight: 400;\"><br \/>\n<\/span><span style=\"font-weight: 400;\">Wilton Place, Dublin 2<\/span><span style=\"font-weight: 400;\"><br \/>\n<\/span><span style=\"font-weight: 400;\">Irlandia<\/span><\/p>\n<p><span style=\"font-weight: 400;\">lub za po\u015brednictwem formularza warunk\u00f3w online https:\/\/www.linkedin.com\/help\/linkedin\/ask\/PPQ<\/span><\/p>\n<p>&nbsp;<\/p>\n<p><span style=\"font-weight: 400;\">Po\u0142\u0105czenia te nie nawi\u0105zuj\u0105 kontaktu z serwerami operator\u00f3w sieci spo\u0142eczno\u015bciowych bez odpowiedniej aktywacji przez u\u017cytkownika. Je\u015bli klikn\u0105 Pa\u0144stwo przycisk lub symbol sieci spo\u0142eczno\u015bciowej, aby udost\u0119pni\u0107 tre\u015bci z naszej strony, zostanie nawi\u0105zane po\u0142\u0105czenie z dan\u0105 sieci\u0105 spo\u0142eczno\u015bciow\u0105 pod warunkiem, \u017ce podczas wizyty na naszych stronach s\u0105 Pa\u0144stwo zalogowani w sieci spo\u0142eczno\u015bciowej. Je\u015bli nie s\u0105 Pa\u0144stwo zalogowani, przed udost\u0119pnieniem tre\u015bci mo\u017ce zosta\u0107 wy\u015bwietlone okno dialogowe logowania.<\/span><\/p>\n<p>&nbsp;<\/p>\n<p><span style=\"font-weight: 400;\">Nie mamy wp\u0142ywu na zakres danych, kt\u00f3re dana sie\u0107 spo\u0142eczno\u015bciowa gromadzi za pomoc\u0105 wtyczki spo\u0142eczno\u015bciowej. Zgodnie z nasz\u0105 najlepsz\u0105 wiedz\u0105, sieci spo\u0142eczno\u015bciowe otrzymuj\u0105 informacje o tym, do kt\u00f3rych z naszych stron internetowych uzyskali Pa\u0144stwo dost\u0119p, zar\u00f3wno obecnie jak i przedtem. Za ka\u017cdym razem, gdy aktywowane jest po\u0142\u0105czenie z sieci\u0105 spo\u0142eczno\u015bciow\u0105, wygenerowany zostaje plik cookie z unikalnym identyfikatorem, kt\u00f3ry mo\u017ce umo\u017cliwi\u0107 sieci spo\u0142eczno\u015bciowej utworzenie Pa\u0144stwa profilu zachowania w zakresie korzystania. Podobnie, nie mamy r\u00f3wnie\u017c wp\u0142ywu na wykorzystanie tego profilu przez dan\u0105 sie\u0107 spo\u0142eczno\u015bciow\u0105.<\/span><\/p>\n<p>&nbsp;<\/p>\n<p><span style=\"font-weight: 400;\">Je\u015bli s\u0105 Pa\u0144stwo cz\u0142onkiem sieci spo\u0142eczno\u015bciowej i chc\u0105 ograniczy\u0107 gromadzenie danych za po\u015brednictwem naszych stron oraz \u0142\u0105czenie Pa\u0144stwa danych u\u017cytkownika z danymi na Pa\u0144stwa temat przechowywanymi w sieci spo\u0142eczno\u015bciowej, musz\u0105 Pa\u0144stwo wylogowa\u0107 si\u0119 z sieci spo\u0142eczno\u015bciowej przed odwiedzeniem naszych stron.\u00a0<\/span><\/p>\n<p>&nbsp;<\/p>\n<p><b>MODYFIKACJA POLITYKI PRYWATNO\u015aCI\u00a0<\/b><\/p>\n<p>&nbsp;<\/p>\n<p><span style=\"font-weight: 400;\">IMPORTACO zastrzega sobie prawo do modyfikacji niniejszej Polityki prywatno\u015bci w dowolnym momencie w celu dostosowania jej do nowych zmian legislacyjnych, dlatego zalecamy zapoznanie si\u0119 z ni\u0105 przed uzyskaniem dost\u0119pu do i przegl\u0105daniem Strony.\u00a0<\/span><\/p>\n<p><span style=\"font-weight: 400;\">\u00a0\u00a0<\/span><\/p>\n<p><span style=\"font-weight: 400;\">Je\u015bli maj\u0105 Pa\u0144stwo jakiekolwiek w\u0105tpliwo\u015bci, pytania lub zalecenia dotycz\u0105ce naszej Polityki prywatno\u015bci, mog\u0105 Pa\u0144stwo skontaktowa\u0107 si\u0119 z nami drog\u0105 e-mailow\u0105 pod nast\u0119puj\u0105cym adresem dpo@importaco.com <\/span><\/p>\n","protected":false},"excerpt":{"rendered":"<p>POLITYKA PRYWATNO\u015aCI www.itac-food.com KTO JEST ODPOWIEDZIALNY ZA PRZETWARZANIE PA\u0143STWA DANYCH? Nazwa firmy: IMPORTACO, S.A. Siedziba: Carretera Real de Madrid Norte, [&hellip;]<\/p>\n","protected":false},"author":7,"featured_media":0,"parent":0,"menu_order":0,"comment_status":"closed","ping_status":"closed","template":"","meta":{"footnotes":""},"class_list":["post-3441","page","type-page","status-publish","hentry"],"yoast_head":"<!-- This site is optimized with the Yoast SEO plugin v27.3 - https:\/\/yoast.com\/product\/yoast-seo-wordpress\/ -->\n<title>POLITYKA PRYWATNO\u015aCI - ITAC FOOD<\/title>\n<meta name=\"robots\" content=\"index, follow, max-snippet:-1, max-image-preview:large, max-video-preview:-1\" \/>\n<link rel=\"canonical\" href=\"https:\/\/www.itac-food.com\/pl\/polityka-prywatnosci\/\" \/>\n<meta property=\"og:locale\" content=\"pl_PL\" \/>\n<meta property=\"og:type\" content=\"article\" \/>\n<meta property=\"og:title\" content=\"POLITYKA PRYWATNO\u015aCI - ITAC FOOD\" \/>\n<meta property=\"og:description\" content=\"POLITYKA PRYWATNO\u015aCI www.itac-food.com KTO JEST ODPOWIEDZIALNY ZA PRZETWARZANIE PA\u0143STWA DANYCH? Nazwa firmy: IMPORTACO, S.A. Siedziba: Carretera Real de Madrid Norte, [&hellip;]\" \/>\n<meta property=\"og:url\" content=\"https:\/\/www.itac-food.com\/pl\/polityka-prywatnosci\/\" \/>\n<meta property=\"og:site_name\" content=\"ITAC FOOD\" \/>\n<meta property=\"article:publisher\" content=\"https:\/\/www.facebook.com\/ItacFood\/\" \/>\n<meta name=\"twitter:card\" content=\"summary_large_image\" \/>\n<meta name=\"twitter:site\" content=\"@ItacFood\" \/>\n<meta name=\"twitter:label1\" content=\"Szacowany czas czytania\" \/>\n\t<meta name=\"twitter:data1\" content=\"7 minut\" \/>\n<script type=\"application\/ld+json\" class=\"yoast-schema-graph\">{\"@context\":\"https:\\\/\\\/schema.org\",\"@graph\":[{\"@type\":\"WebPage\",\"@id\":\"https:\\\/\\\/www.itac-food.com\\\/pl\\\/polityka-prywatnosci\\\/\",\"url\":\"https:\\\/\\\/www.itac-food.com\\\/pl\\\/polityka-prywatnosci\\\/\",\"name\":\"POLITYKA PRYWATNO\u015aCI - ITAC FOOD\",\"isPartOf\":{\"@id\":\"https:\\\/\\\/www.itac-food.com\\\/#website\"},\"datePublished\":\"2023-02-20T12:02:09+00:00\",\"breadcrumb\":{\"@id\":\"https:\\\/\\\/www.itac-food.com\\\/pl\\\/polityka-prywatnosci\\\/#breadcrumb\"},\"inLanguage\":\"pl-PL\",\"potentialAction\":[{\"@type\":\"ReadAction\",\"target\":[\"https:\\\/\\\/www.itac-food.com\\\/pl\\\/polityka-prywatnosci\\\/\"]}]},{\"@type\":\"BreadcrumbList\",\"@id\":\"https:\\\/\\\/www.itac-food.com\\\/pl\\\/polityka-prywatnosci\\\/#breadcrumb\",\"itemListElement\":[{\"@type\":\"ListItem\",\"position\":1,\"name\":\"Home\",\"item\":\"https:\\\/\\\/www.itac-food.com\\\/pl\\\/\"},{\"@type\":\"ListItem\",\"position\":2,\"name\":\"POLITYKA PRYWATNO\u015aCI\"}]},{\"@type\":\"WebSite\",\"@id\":\"https:\\\/\\\/www.itac-food.com\\\/#website\",\"url\":\"https:\\\/\\\/www.itac-food.com\\\/\",\"name\":\"ITAC FOOD\",\"description\":\"ITAC FOOD\",\"publisher\":{\"@id\":\"https:\\\/\\\/www.itac-food.com\\\/#organization\"},\"potentialAction\":[{\"@type\":\"SearchAction\",\"target\":{\"@type\":\"EntryPoint\",\"urlTemplate\":\"https:\\\/\\\/www.itac-food.com\\\/?s={search_term_string}\"},\"query-input\":{\"@type\":\"PropertyValueSpecification\",\"valueRequired\":true,\"valueName\":\"search_term_string\"}}],\"inLanguage\":\"pl-PL\"},{\"@type\":\"Organization\",\"@id\":\"https:\\\/\\\/www.itac-food.com\\\/#organization\",\"name\":\"ITAC-Food\",\"url\":\"https:\\\/\\\/www.itac-food.com\\\/\",\"logo\":{\"@type\":\"ImageObject\",\"inLanguage\":\"pl-PL\",\"@id\":\"https:\\\/\\\/www.itac-food.com\\\/#\\\/schema\\\/logo\\\/image\\\/\",\"url\":\"https:\\\/\\\/www.itac-food.com\\\/wp-content\\\/uploads\\\/2018\\\/03\\\/01_SINCERELY_NUTS_BIG_OK.png\",\"contentUrl\":\"https:\\\/\\\/www.itac-food.com\\\/wp-content\\\/uploads\\\/2018\\\/03\\\/01_SINCERELY_NUTS_BIG_OK.png\",\"width\":1920,\"height\":720,\"caption\":\"ITAC-Food\"},\"image\":{\"@id\":\"https:\\\/\\\/www.itac-food.com\\\/#\\\/schema\\\/logo\\\/image\\\/\"},\"sameAs\":[\"https:\\\/\\\/www.facebook.com\\\/ItacFood\\\/\",\"https:\\\/\\\/x.com\\\/ItacFood\",\"https:\\\/\\\/www.instagram.com\\\/ITACfood\\\/\"]}]}<\/script>\n<!-- \/ Yoast SEO plugin. -->","yoast_head_json":{"title":"POLITYKA PRYWATNO\u015aCI - ITAC FOOD","robots":{"index":"index","follow":"follow","max-snippet":"max-snippet:-1","max-image-preview":"max-image-preview:large","max-video-preview":"max-video-preview:-1"},"canonical":"https:\/\/www.itac-food.com\/pl\/polityka-prywatnosci\/","og_locale":"pl_PL","og_type":"article","og_title":"POLITYKA PRYWATNO\u015aCI - ITAC FOOD","og_description":"POLITYKA PRYWATNO\u015aCI www.itac-food.com KTO JEST ODPOWIEDZIALNY ZA PRZETWARZANIE PA\u0143STWA DANYCH? Nazwa firmy: IMPORTACO, S.A. Siedziba: Carretera Real de Madrid Norte, [&hellip;]","og_url":"https:\/\/www.itac-food.com\/pl\/polityka-prywatnosci\/","og_site_name":"ITAC FOOD","article_publisher":"https:\/\/www.facebook.com\/ItacFood\/","twitter_card":"summary_large_image","twitter_site":"@ItacFood","twitter_misc":{"Szacowany czas czytania":"7 minut"},"schema":{"@context":"https:\/\/schema.org","@graph":[{"@type":"WebPage","@id":"https:\/\/www.itac-food.com\/pl\/polityka-prywatnosci\/","url":"https:\/\/www.itac-food.com\/pl\/polityka-prywatnosci\/","name":"POLITYKA PRYWATNO\u015aCI - ITAC FOOD","isPartOf":{"@id":"https:\/\/www.itac-food.com\/#website"},"datePublished":"2023-02-20T12:02:09+00:00","breadcrumb":{"@id":"https:\/\/www.itac-food.com\/pl\/polityka-prywatnosci\/#breadcrumb"},"inLanguage":"pl-PL","potentialAction":[{"@type":"ReadAction","target":["https:\/\/www.itac-food.com\/pl\/polityka-prywatnosci\/"]}]},{"@type":"BreadcrumbList","@id":"https:\/\/www.itac-food.com\/pl\/polityka-prywatnosci\/#breadcrumb","itemListElement":[{"@type":"ListItem","position":1,"name":"Home","item":"https:\/\/www.itac-food.com\/pl\/"},{"@type":"ListItem","position":2,"name":"POLITYKA PRYWATNO\u015aCI"}]},{"@type":"WebSite","@id":"https:\/\/www.itac-food.com\/#website","url":"https:\/\/www.itac-food.com\/","name":"ITAC FOOD","description":"ITAC FOOD","publisher":{"@id":"https:\/\/www.itac-food.com\/#organization"},"potentialAction":[{"@type":"SearchAction","target":{"@type":"EntryPoint","urlTemplate":"https:\/\/www.itac-food.com\/?s={search_term_string}"},"query-input":{"@type":"PropertyValueSpecification","valueRequired":true,"valueName":"search_term_string"}}],"inLanguage":"pl-PL"},{"@type":"Organization","@id":"https:\/\/www.itac-food.com\/#organization","name":"ITAC-Food","url":"https:\/\/www.itac-food.com\/","logo":{"@type":"ImageObject","inLanguage":"pl-PL","@id":"https:\/\/www.itac-food.com\/#\/schema\/logo\/image\/","url":"https:\/\/www.itac-food.com\/wp-content\/uploads\/2018\/03\/01_SINCERELY_NUTS_BIG_OK.png","contentUrl":"https:\/\/www.itac-food.com\/wp-content\/uploads\/2018\/03\/01_SINCERELY_NUTS_BIG_OK.png","width":1920,"height":720,"caption":"ITAC-Food"},"image":{"@id":"https:\/\/www.itac-food.com\/#\/schema\/logo\/image\/"},"sameAs":["https:\/\/www.facebook.com\/ItacFood\/","https:\/\/x.com\/ItacFood","https:\/\/www.instagram.com\/ITACfood\/"]}]}},"_links":{"self":[{"href":"https:\/\/www.itac-food.com\/pl\/wp-json\/wp\/v2\/pages\/3441","targetHints":{"allow":["GET"]}}],"collection":[{"href":"https:\/\/www.itac-food.com\/pl\/wp-json\/wp\/v2\/pages"}],"about":[{"href":"https:\/\/www.itac-food.com\/pl\/wp-json\/wp\/v2\/types\/page"}],"author":[{"embeddable":true,"href":"https:\/\/www.itac-food.com\/pl\/wp-json\/wp\/v2\/users\/7"}],"replies":[{"embeddable":true,"href":"https:\/\/www.itac-food.com\/pl\/wp-json\/wp\/v2\/comments?post=3441"}],"version-history":[{"count":0,"href":"https:\/\/www.itac-food.com\/pl\/wp-json\/wp\/v2\/pages\/3441\/revisions"}],"wp:attachment":[{"href":"https:\/\/www.itac-food.com\/pl\/wp-json\/wp\/v2\/media?parent=3441"}],"curies":[{"name":"wp","href":"https:\/\/api.w.org\/{rel}","templated":true}]}}